{"id":43939,"date":"2020-06-19T09:51:38","date_gmt":"2020-06-19T07:51:38","guid":{"rendered":"https:\/\/micro-squad.com\/?post_type=product&#038;p=43939"},"modified":"2020-06-19T10:15:57","modified_gmt":"2020-06-19T08:15:57","slug":"imaxrc-imax-b3-pro-10w-balance-kompaktes-ladegeraet-2s-3s-lipo-batterie","status":"publish","type":"product","link":"https:\/\/micro-squad.com\/en\/product\/imaxrc-imax-b3-pro-10w-balance-kompaktes-ladegeraet-2s-3s-lipo-batterie\/","title":{"rendered":"IMaxRC IMax B3 Pro 10W Balance kompaktes Ladeger\u00e4t f\u00fcr 2S-3S Lipo Batterie"},"content":{"rendered":"<p><strong>IMaxRC IMax B3 Pro 10W Balance kompaktes Ladeger\u00e4t f\u00fcr 2S-3S Lipo Batterie<\/strong><\/p>\n<p><strong>Specs<\/strong><br \/>\n\u2022 Farbe: schwarz<br \/>\n\u2022 Material: Kunststoff<br \/>\n\u2022 Abmessungen: 95 x 55 x 35 mm<br \/>\n\u2022 Aufladungszahl der Batterien: 2-3cells<br \/>\n\u2022 Eingangsspannung: 110-240V AC<br \/>\n\u2022 Maximaler Ladestrom: 1,5 A (2S) 1A (3S) \u2013\u00a010W<br \/>\n\u2022 Ladeanzeige: Durch drei LED Lichter, rot und gr\u00fcn<br \/>\n\u2022 Die Anzeige LED zeigt: Warten: Gr\u00fcn, Laden: Rot, Voll: Gr\u00fcn, Fehler: Rot blinkend<br \/>\n\u2022 Einfach und bequem zu bedienen<\/p>\n<p><strong>Included<\/strong><br \/>\n\u2022 1 x B3 Ladeger\u00e4t<br \/>\n\u2022 1 x Netzteilkabel (EU Stecker)<\/p>","protected":false},"excerpt":{"rendered":"<p><strong>Good Price Charger for 2-3s Lipo\u00b4s!<\/strong><br \/>\nCharge easy 2-3s LiPos? No Problem!<\/p>","protected":false},"featured_media":43941,"comment_status":"open","ping_status":"closed","template":"","meta":[],"product_brand":[],"product_cat":[190],"product_tag":[677,372,480,96,220,224,119,93,211,221,225,210,94,90],"class_list":{"0":"post-43939","1":"product","2":"type-product","3":"status-publish","4":"has-post-thumbnail","6":"product_cat-batterien-lipo-lipos-charger-ladegeraet","7":"product_tag-2-3s","8":"product_tag-2s","9":"product_tag-3s","10":"product_tag-brushless","11":"product_tag-charger","12":"product_tag-display","13":"product_tag-fpv","14":"product_tag-freestyle","15":"product_tag-hv","16":"product_tag-ladegeraet","17":"product_tag-lihv","18":"product_tag-lipo","19":"product_tag-racing","20":"product_tag-schubkraft","22":"first","23":"instock","24":"featured","25":"shipping-taxable","26":"purchasable","27":"product-type-simple"},"aioseo_notices":[],"_links":{"self":[{"href":"https:\/\/micro-squad.com\/en\/wp-json\/wp\/v2\/product\/43939","targetHints":{"allow":["GET"]}}],"collection":[{"href":"https:\/\/micro-squad.com\/en\/wp-json\/wp\/v2\/product"}],"about":[{"href":"https:\/\/micro-squad.com\/en\/wp-json\/wp\/v2\/types\/product"}],"replies":[{"embeddable":true,"href":"https:\/\/micro-squad.com\/en\/wp-json\/wp\/v2\/comments?post=43939"}],"wp:featuredmedia":[{"embeddable":true,"href":"https:\/\/micro-squad.com\/en\/wp-json\/wp\/v2\/media\/43941"}],"wp:attachment":[{"href":"https:\/\/micro-squad.com\/en\/wp-json\/wp\/v2\/media?parent=43939"}],"wp:term":[{"taxonomy":"product_brand","embeddable":true,"href":"https:\/\/micro-squad.com\/en\/wp-json\/wp\/v2\/product_brand?post=43939"},{"taxonomy":"product_cat","embeddable":true,"href":"https:\/\/micro-squad.com\/en\/wp-json\/wp\/v2\/product_cat?post=43939"},{"taxonomy":"product_tag","embeddable":true,"href":"https:\/\/micro-squad.com\/en\/wp-json\/wp\/v2\/product_tag?post=43939"}],"curies":[{"name":"wp","href":"https:\/\/api.w.org\/{rel}","templated":true}]}}