{"id":43693,"date":"2020-06-12T12:25:23","date_gmt":"2020-06-12T10:25:23","guid":{"rendered":"https:\/\/micro-squad.com\/?post_type=product&#038;p=43693"},"modified":"2022-02-01T17:31:40","modified_gmt":"2022-02-01T16:31:40","slug":"microsquad-play-f4-1-2s-aio-brushless-flightcontroller","status":"publish","type":"product","link":"https:\/\/micro-squad.com\/en\/product\/microsquad-play-f4-1-2s-aio-brushless-flightcontroller\/","title":{"rendered":"Microsquad Play F4 AIO Whoop Flight Controller OSD BEC &#038; Built-in 5A BL_S 1-2S 4in1 ESC"},"content":{"rendered":"<p class=\"p1\"><span class=\"s1\"><\/span><\/p>\n<p class=\"p1\"><span class=\"s1\">\n<\/span><\/p>\n<p class=\"p1\"><span class=\"s1\"><strong>Microsquad Play F4 AIO Whoop Flight Controller OSD BEC &amp; Built-in 5A BL_S 1-2S 4in1 ESC<br \/>\n<\/strong><\/span><\/p>\n<p><strong>Spezifikation<\/strong><br \/>\n\u2022 Markenname: Microsquad<br \/>\n\u2022 Model: Play F4 Whoop<br \/>\n\u2022 Artikelname: F4 Flight Controller Built-in 5A 4In1 ESC<br \/>\n\u2022 Gr\u00f6\u00dfe: 28.5\u00d728.5mm<br \/>\n\u2022 Screw Hole Spacing: 24.5\u00d724.5mm ( M3)<br \/>\n\u2022 Gewicht: 3g<br \/>\n<span style=\"font-size: 14.4px; line-height: 1.5;\">\u2022 F4 Flight Controller<br \/>\n<\/span>\u2022 CPU: STM32F411CEU6<br \/>\n\u2022 Sensor: MPU6000 Triaxial accelerometer\/ \u00a0Triaxial Gyroscope ( SPI Connection)<br \/>\n\u2022 Input Voltage: 1-2S Lipo<br \/>\n\u2022 BEC: 0.5A ( 1S ) ; 1.5A ( 2S )<br \/>\n\u2022 Built-in OSD interface<br \/>\n\u2013 Support BLHeli Suite ESC programming<br \/>\n\u2013 Support Voltage Detection<br \/>\n\u2013 Support LED Strip<br \/>\n\u2013 Support Smart Audio OSD Control<br \/>\n\u2013 Support Buzzer<br \/>\n\u2013 Support Compatible PPM, SBUS, IBUS, DSM2\/DSMX Receiver<\/p>\n<p><strong>ESC<\/strong><br \/>\n\u2022 Input Voltage: 1-2S<br \/>\n\u2022 Con. Current: 5A<br \/>\n\u2022 Peak Current: 7A ( 2S)<br \/>\n\u2022 Support BLHeliSuite Programmable<br \/>\n\u2022 Factory Firmware: S_H_50_REV16_7.HEX<br \/>\n\u2013 Support Oneshot125, Multishot, DShot150, DShot300, DShot600, PWM<\/p>\n<p><strong>Included<\/strong><br \/>\n1x Microsquad Play F4 Flight Controller Built-in ESC<br \/>\n1x Power Cable<br \/>\n4x 3P*1.25mm Plug Connector<\/p>\n<p class=\"p1\"><span class=\"s1\"><\/span><\/p>","protected":false},"excerpt":{"rendered":"<p><strong>The new Microsquad F4 AIO 1-2s is here!<\/strong><\/p>\n<p><span style=\"font-size: 14.4px;\"><\/span><\/p>","protected":false},"featured_media":43696,"comment_status":"open","ping_status":"closed","template":"","meta":[],"product_brand":[],"product_cat":[187],"product_tag":[675,372,268,581,422,96,607,482,270,373,374,305,271,338,119,93,299,608,269,211,256,210,238,242,262,674,398,94,339,241,90,606,232,409,233],"class_list":{"0":"post-43693","1":"product","2":"type-product","3":"status-publish","4":"has-post-thumbnail","6":"product_cat-flugsteuerungen","7":"product_tag-1-2s","8":"product_tag-2s","9":"product_tag-acro","10":"product_tag-aio","11":"product_tag-betafpv","12":"product_tag-brushless","13":"product_tag-cross-fire","14":"product_tag-crossfire","15":"product_tag-drone","16":"product_tag-dsm2","17":"product_tag-dsmx","18":"product_tag-f4","19":"product_tag-flightcontroller","20":"product_tag-flysky","21":"product_tag-fpv","22":"product_tag-freestyle","23":"product_tag-frsky","24":"product_tag-futaba","25":"product_tag-hobby","26":"product_tag-hv","27":"product_tag-inductrix","28":"product_tag-lipo","29":"product_tag-micro","30":"product_tag-microsquad","31":"product_tag-mini","32":"product_tag-play","33":"product_tag-pro","34":"product_tag-racing","35":"product_tag-receiver","36":"product_tag-red","37":"product_tag-schubkraft","38":"product_tag-tbs","39":"product_tag-tiny","40":"product_tag-v2","41":"product_tag-whoop","43":"first","44":"outofstock","45":"featured","46":"shipping-taxable","47":"purchasable","48":"product-type-simple"},"aioseo_notices":[],"_links":{"self":[{"href":"https:\/\/micro-squad.com\/en\/wp-json\/wp\/v2\/product\/43693","targetHints":{"allow":["GET"]}}],"collection":[{"href":"https:\/\/micro-squad.com\/en\/wp-json\/wp\/v2\/product"}],"about":[{"href":"https:\/\/micro-squad.com\/en\/wp-json\/wp\/v2\/types\/product"}],"replies":[{"embeddable":true,"href":"https:\/\/micro-squad.com\/en\/wp-json\/wp\/v2\/comments?post=43693"}],"wp:featuredmedia":[{"embeddable":true,"href":"https:\/\/micro-squad.com\/en\/wp-json\/wp\/v2\/media\/43696"}],"wp:attachment":[{"href":"https:\/\/micro-squad.com\/en\/wp-json\/wp\/v2\/media?parent=43693"}],"wp:term":[{"taxonomy":"product_brand","embeddable":true,"href":"https:\/\/micro-squad.com\/en\/wp-json\/wp\/v2\/product_brand?post=43693"},{"taxonomy":"product_cat","embeddable":true,"href":"https:\/\/micro-squad.com\/en\/wp-json\/wp\/v2\/product_cat?post=43693"},{"taxonomy":"product_tag","embeddable":true,"href":"https:\/\/micro-squad.com\/en\/wp-json\/wp\/v2\/product_tag?post=43693"}],"curies":[{"name":"wp","href":"https:\/\/api.w.org\/{rel}","templated":true}]}}