{"id":817,"date":"2018-05-09T11:53:11","date_gmt":"2018-05-09T09:53:11","guid":{"rendered":"http:\/\/schubkraftfpv.com\/wp3\/?page_id=817"},"modified":"2022-02-07T11:10:44","modified_gmt":"2022-02-07T10:10:44","slug":"agb","status":"publish","type":"page","link":"https:\/\/micro-squad.com\/en\/agb\/","title":{"rendered":"AGB"},"content":{"rendered":"<section class=\"section\" id=\"section_544564934\">\n\t\t<div class=\"section-bg fill\" >\n\t\t\t\t\t\t\t\t\t\n\t\t\t\n\n\t\t<\/div>\n\n\t\t\n\n\t\t<div class=\"section-content relative\">\n\t\t\t\n<div class=\"row align-center\"  id=\"row-937664046\">\n\n\t<div id=\"col-197265107\" class=\"col medium-4 small-10 large-4\"  >\n\t\t\t\t<div class=\"col-inner\"  >\n\t\t\t\n\t\t\t\n\n<h1><span style=\"font-size: 150%;\">Terms and Conditions<\/span><\/h1>\n\n\n\t\t<\/div>\n\t\t\t\t\n<style>\n#col-197265107 > .col-inner {\n  padding: 0px 40px 0px 0px;\n}\n<\/style>\n\t<\/div>\n\n\t\n\n\t<div id=\"col-2127764311\" class=\"col medium-8 small-10 large-8\"  >\n\t\t\t\t<div class=\"col-inner\"  >\n\t\t\t\n\t\t\t\n\n<p><strong>Allgemeine Gesch\u00e4ftsbedingungen und Kundeninformationen<\/strong><\/p>\n<p><strong>I. Allgemeine Gesch\u00e4ftsbedingungen<\/strong><\/p>\n<p><strong>\u00a7 1 Grundlegende Bestimmungen<\/strong><\/p>\n<p>(1) Die nachstehenden Gesch\u00e4ftsbedingungen gelten f\u00fcr Vertr\u00e4ge, die Sie mit uns als Anbieter (Conaito, Attila Szappan) \u00fcber die Internetseite micro-squad.com schlie\u00dfen. Soweit nicht anders vereinbart, wird der Einbeziehung gegebenenfalls von Ihnen verwendeter eigener Bedingungen widersprochen.<\/p>\n<p>(2) Verbraucher im Sinne der nachstehenden Regelungen ist jede nat\u00fcrliche Person, die ein Rechtsgesch\u00e4ft zu Zwecken abschlie\u00dft, die \u00fcberwiegend weder ihrer gewerblichen noch ihrer selbst\u00e4ndigen beruflichen T\u00e4tigkeit zugerechnet werden kann. Unternehmer ist jede nat\u00fcrliche oder juristische Person oder eine rechtsf\u00e4hige Personengesellschaft, die bei Abschluss eines Rechtsgesch\u00e4fts in Aus\u00fcbung ihrer selbst\u00e4ndigen beruflichen oder gewerblichen T\u00e4tigkeit handelt.<\/p>\n<p><strong>\u00a7 2 Zustandekommen des Vertrages<\/strong><\/p>\n<p>(1) Gegenstand des Vertrages ist der Verkauf von Waren und\/ oder die Erbringung von Reparaturleistungen und\/ oder die Erbringung von Montageleistungen.<\/p>\n<p>(2) Bereits mit dem Einstellen des jeweiligen Produkts auf unserer Internetseite unterbreiten wir Ihnen ein verbindliches Angebot zum Abschluss eines Vertrages \u00fcber das Online-Warenkorbsystem zu den in der Artikelbeschreibung angegebenen Bedingungen.<\/p>\n<p>(3) Der Vertrag kommt \u00fcber das Online-Warenkorbsystem wie folgt zustande:<br \/>\nDie zum Kauf beabsichtigten Waren und\/ oder Reparaturleistungen werden im &#8222;Warenkorb&#8220; abgelegt. \u00dcber die entsprechende Schaltfl\u00e4che in der Navigationsleiste k\u00f6nnen Sie den &#8222;Warenkorb&#8220; aufrufen und dort jederzeit \u00c4nderungen vornehmen.<br \/>\nNach Aufrufen der Seite &#8222;Kasse&#8220; und der Eingabe der pers\u00f6nlichen Daten sowie der Zahlungs- und Versandbedingungen werden Ihnen abschlie\u00dfend die Bestelldaten als Bestell\u00fcbersicht angezeigt.<\/p>\n<p>Soweit Sie als Zahlungsart ein Sofortzahl-System (z.B. PayPal \/ PayPal Express, Amazon-Payments, Sofort\u00fcberweisung) nutzen, werden Sie entweder auf die Bestell\u00fcbersichtsseite in unserem Online-Shop gef\u00fchrt oder auf die Internetseite des Anbieters des Sofortzahl-Systems weitergeleitet.<br \/>\nErfolgt eine Weiterleitung zu dem jeweiligen Sofortzahl-System, nehmen Sie dort die entsprechende Auswahl bzw. Eingabe Ihrer Daten vor. Abschlie\u00dfend werden Ihnen auf der Internetseite des Anbieters des Sofortzahl-Systems oder nachdem Sie zur\u00fcck in unseren Online-Shop geleitet wurden, die Bestelldaten als Bestell\u00fcbersicht angezeigt.<\/p>\n<p>Vor Absenden der Bestellung haben Sie die M\u00f6glichkeit, die Angaben in der Bestell\u00fcbersicht nochmals zu \u00fcberpr\u00fcfen, zu \u00e4ndern (auch \u00fcber die Funktion &#8222;zur\u00fcck&#8220; des Internetbrowsers) bzw. die Bestellung abzubrechen.<br \/>\nMit dem Absenden der Bestellung \u00fcber die entsprechende Schaltfl\u00e4che (&#8222;Jetzt kaufen&#8220; oder \u00e4hnliche Bezeichnung) erkl\u00e4ren Sie rechtsverbindlich die Annahme des Angebotes, wodurch der Vertrag zustande kommt.<\/p>\n<p>(4) Ihre Anfragen zur Erstellung eines Angebotes sind f\u00fcr Sie unverbindlich. Wir unterbreiten Ihnen hierzu ein verbindliches Angebot in Textform (z.B. per E-Mail), welches Sie innerhalb von 5 Tagen (soweit im jeweiligen Angebot keine andere Frist ausgewiesen ist) annehmen k\u00f6nnen.<\/p>\n<p>(5) Die Abwicklung der Bestellung und \u00dcbermittlung aller im Zusammenhang mit dem Vertragsschluss erforderlichen Informationen erfolgt per E-Mail zum Teil automatisiert. Sie haben deshalb sicherzustellen, dass die von Ihnen bei uns hinterlegte E-Mail-Adresse zutreffend ist, der Empfang der E-Mails technisch sichergestellt und insbesondere nicht durch SPAM-Filter verhindert wird.<\/p>\n<p><strong>\u00a7 3 Leistungserbringung bei Montageleistungen<\/strong><\/p>\n<p>(1) Soweit Montageleistungen Vertragsgegenstand sind, schulden wir die sich aus der Leistungsbeschreibung ergebenden Montagearbeiten. Diese erbringen wir nach bestem Wissen und Gewissen pers\u00f6nlich oder durch Dritte.<\/p>\n<p>(2) Die Leistungserbringung erfolgt zu den vereinbarten Terminen.<\/p>\n<p>(3) Sie sind zur Mitwirkung verpflichtet. Insbesondere haben Sie zum Zeitpunkt der Erbringung der Montageleistungen die M\u00f6glichkeit zu bieten, die R\u00e4umlichkeiten in einem begehbaren und angemessen gefahrenfreien Zustand zu begehen. Des Weiteren sind Sie verpflichtet, uns soweit notwendig elektrische Energie und gegebenenfalls Wasser zur Verf\u00fcgung zu stellen. Wir sind berechtigt den Vertragsteil \u00fcber die Erbringung von Montageleistungen nach \u00a7 643 BGB zu k\u00fcndigen, soweit Sie Ihren Mitwirkungspflichten nicht nachkommen. Hierzu setzen wir Ihnen eine angemessene Frist, w\u00e4hrend der Sie die n\u00f6tigen Mitwirkungsleistungen nachholen k\u00f6nnen.<\/p>\n<p>(4) Machen Sie von Ihrem K\u00fcndigungsrecht nach \u00a7 648 S. 1 BGB Gebrauch, k\u00f6nnen wir als pauschale Verg\u00fctung 10% der vereinbarten Verg\u00fctung verlangen, wenn die Ausf\u00fchrung noch nicht begonnen hat. Dies gilt bei Bestehen des gesetzlichen Widerrufsrechts jedoch nur, wenn Sie erst nach Ablauf der Widerrufsfrist von Ihrem K\u00fcndigungsrecht Gebrauch machen. Ihnen bleibt der Nachweis vorbehalten, dass uns tats\u00e4chlich keine oder wesentlich geringere Kosten entstanden sind.<\/p>\n<p><strong>\u00a7 4 Leistungserbringung bei Reparaturen<\/strong><\/p>\n<p>(1) Soweit Reparaturleistungen Vertragsgegenstand sind, schulden wir die sich aus der Leistungsbeschreibung ergebenden Reparaturarbeiten. Diese erbringen wir nach bestem Wissen und Gewissen pers\u00f6nlich oder durch Dritte.<\/p>\n<p>(2) Sie sind zur Mitwirkung verpflichtet, insbesondere haben Sie den am Ger\u00e4t bestehenden Defekt so umfassend als m\u00f6glich zu beschreiben und das defekte Ger\u00e4t zur Verf\u00fcgung zu stellen.<\/p>\n<p>(3) Sie tragen die Kosten f\u00fcr die \u00dcbersendung des defekten Ger\u00e4tes an uns.<\/p>\n<p>(4) Soweit im jeweiligen Angebot nichts anderes angegeben ist, erfolgt die Reparatur einschlie\u00dflich Aufgabe des Ger\u00e4tes zum Versand innerhalb von 5 &#8211; 7 Tagen nach Zugang des zu reparierenden Ger\u00e4tes (bei vereinbarter Vorauszahlung jedoch erst nach dem Zeitpunkt Ihrer Zahlungsanweisung).<\/p>\n<p>(5) Machen Sie von Ihrem K\u00fcndigungsrecht nach \u00a7 648 S. 1 BGB Gebrauch, k\u00f6nnen wir als pauschale Verg\u00fctung 10% der vereinbarten Verg\u00fctung verlangen, wenn die Ausf\u00fchrung noch nicht begonnen hat. Dies gilt bei Bestehen des gesetzlichen Widerrufsrechts jedoch nur, wenn Sie erst nach Ablauf der Widerrufsfrist von Ihrem K\u00fcndigungsrecht Gebrauch machen. Ihnen bleibt der Nachweis vorbehalten, dass uns tats\u00e4chlich keine oder wesentlich geringere Kosten entstanden sind.<\/p>\n<p><strong>\u00a7 5 Besondere Vereinbarungen zu angebotenen Zahlungsarten<\/strong><\/p>\n<p>(1) Zahlung \u00fcber Klarna<br \/>\nIn Zusammenarbeit mit Klarna Bank AB (publ) (https:\/\/www.klarna.com\/de\/), Sveav\u00e4gen 46, 111 34 Stockholm, Schweden, bieten wir die folgenden Zahlungsoptionen an. Die Zahlung erfolgt jeweils an Klarna:<\/p>\n<p>&#8211; Rechnung: Die Zahlungsfrist betr\u00e4gt 14 Tage ab Versand der Ware\/ des Tickets\/ oder, bei sonstigen Dienstleistungen, der Zurverf\u00fcgungstellung der Dienstleistung. Die vollst\u00e4ndigen Rechnungsbedingungen f\u00fcr die L\u00e4nder in denen diese Zahlart verf\u00fcgbar ist finden Sie hier: Deutschland (https:\/\/cdn.klarna.com\/1.0\/shared\/content\/legal\/terms\/0\/de_de\/invoice).<\/p>\n<p>&#8211; Ratenkauf: Mit dem Finanzierungsservice von Klarna k\u00f6nnen Sie Ihren Einkauf in festen oder flexiblen monatlichen Raten zu den in der Kasse angegebenen Bedingungen bezahlen. Die Ratenzahlung ist jeweils zum Ende des Monats nach \u00dcbersendung einer Monatsrechnung durch Klarna f\u00e4llig. Weitere Informationen zum Ratenkauf einschlie\u00dflich der Allgemeinen Gesch\u00e4ftsbedingungen und der europ\u00e4ischen Standardinformationen f\u00fcr Verbraucherkredite f\u00fcr die L\u00e4nder in denen diese Zahlart verf\u00fcgbar ist finden Sie hier (nur in den angegebenen L\u00e4ndern verf\u00fcgbar): Deutschland (https:\/\/cdn.klarna.com\/1.0\/shared\/content\/legal\/terms\/0\/de_de\/account).<\/p>\n<p>&#8211; Sofort\u00fcberweisung: Verf\u00fcgbar in Deutschland und \u00d6sterreich. Die Belastung Ihres Kontos erfolgt unmittelbar nach Abgabe der Bestellung.<\/p>\n<p>&#8211; Lastschrift: Die Abbuchung erfolgt nach Versand der Ware. Der Zeitpunkt wird Ihnen per E-Mail mitgeteilt.<\/p>\n<p>&#8211; Kreditkarte (Visa\/Mastercard): Verf\u00fcgbar in Deutschland. Die Abbuchung erfolgt nach Versand der Ware oder Tickets \/ Verf\u00fcgbarkeit des Services oder im Falle eines Abonnements entsprechend der kommunizierten Zeiten. Die Nutzung der Zahlungsarten Rechnung und\/ oder Ratenkauf und\/ oder Lastschrift setzt eine positive Bonit\u00e4tspr\u00fcfung voraus. Insofern leiten wir Ihre Daten im Rahmen der Kaufanbahnung und Abwicklung des Kaufvertrages an Klarna zum Zwecke der Adress- und Bonit\u00e4tspr\u00fcfung weiter. Bitte haben Sie Verst\u00e4ndnis daf\u00fcr, dass wir Ihnen nur diejenigen Zahlarten anbieten k\u00f6nnen, die aufgrund der Ergebnisse der Bonit\u00e4tspr\u00fcfung zul\u00e4ssig sind.<\/p>\n<p>Weitere Informationen und Klarnas Nutzungsbedingungen finden Sie hier (https:\/\/cdn.klarna.com\/1.0\/shared\/content\/legal\/terms\/0\/de_de\/user). Allgemeine Informationen zu Klarna erhalten Sie hier (https:\/\/www.klarna.com\/de\/). Ihre Personenangaben werden von Klarna in \u00dcbereinstimmung mit den geltenden Datenschutzbestimmungen und entsprechend den Angaben in Klarnas Datenschutzbestimmungen (https:\/\/cdn.klarna.com\/1.0\/shared\/content\/legal\/terms\/0\/de_de\/privacy) behandelt.<br \/>\nWeitere Informationen \u00fcber Klarna finden Sie hier (https:\/\/www.klarna.com\/de\/smoooth-mehrzuklarna\/). Die Klarna App finden Sie hier (https:\/\/www.klarna.com\/de\/klarna-app\/).<\/p>\n<p><strong>\u00a7 6 Zur\u00fcckbehaltungsrecht, Eigentumsvorbehalt<\/strong><\/p>\n<p>(1) Ein Zur\u00fcckbehaltungsrecht k\u00f6nnen Sie nur aus\u00fcben, soweit es sich um Forderungen aus demselben Vertragsverh\u00e4ltnis handelt.<\/p>\n<p>(2) Die Ware bleibt bis zur vollst\u00e4ndigen Zahlung des Kaufpreises unser Eigentum.<\/p>\n<p>(3) Sind Sie Unternehmer, gilt erg\u00e4nzend Folgendes:<\/p>\n<p>a) Wir behalten uns das Eigentum an der Ware bis zum vollst\u00e4ndigen Ausgleich aller Forderungen aus der laufenden Gesch\u00e4ftsbeziehung vor. Vor \u00dcbergang des Eigentums an der Vorbehaltsware ist eine Verpf\u00e4ndung oder Sicherheits\u00fcbereignung nicht zul\u00e4ssig.<\/p>\n<p>b) Sie k\u00f6nnen die Ware im ordentlichen Gesch\u00e4ftsgang weiterverkaufen. F\u00fcr diesen Fall treten Sie bereits jetzt alle Forderungen in H\u00f6he des Rechnungsbetrages, die Ihnen aus dem Weiterverkauf erwachsen, an uns ab, wir nehmen die Abtretung an. Sie sind weiter zur Einziehung der Forderung erm\u00e4chtigt. Soweit Sie Ihren Zahlungsverpflichtungen nicht ordnungsgem\u00e4\u00df nachkommen, behalten wir uns allerdings vor, die Forderung selbst einzuziehen.<\/p>\n<p>c) Bei Verbindung und Vermischung der Vorbehaltsware erwerben wir Miteigentum an der neuen Sache im Verh\u00e4ltnis des Rechnungswertes der Vorbehaltsware zu den anderen verarbeiteten Gegenst\u00e4nden zum Zeitpunkt der Verarbeitung.<\/p>\n<p>d) Wir verpflichten uns, die uns zustehenden Sicherheiten auf Ihr Verlangen insoweit freizugeben, als der realisierbare Wert unserer Sicherheiten die zu sichernde Forderung um mehr als 10% \u00fcbersteigt. Die Auswahl der freizugebenden Sicherheiten obliegt uns.<\/p>\n<p><strong>\u00a7 7 Gew\u00e4hrleistung<\/strong><\/p>\n<p>(1) Es bestehen die gesetzlichen M\u00e4ngelhaftungsrechte.<\/p>\n<p>(2) Als Verbraucher werden Sie gebeten, die Ware bei Lieferung umgehend auf Vollst\u00e4ndigkeit, offensichtliche M\u00e4ngel und Transportsch\u00e4den zu \u00fcberpr\u00fcfen und uns sowie dem Spediteur Beanstandungen schnellstm\u00f6glich mitzuteilen. Kommen Sie dem nicht nach, hat dies keine Auswirkung auf Ihre gesetzlichen Gew\u00e4hrleistungsanspr\u00fcche.<\/p>\n<p>(3) Soweit ein Merkmal der Ware von den objektiven Anforderungen abweicht, gilt die Abweichung nur dann als vereinbart, wenn Sie vor Abgabe der Vertragserkl\u00e4rung durch uns \u00fcber selbige in Kenntnis gesetzt wurden und die Abweichung ausdr\u00fccklich und gesondert zwischen den Vertragsparteien vereinbart wurde.<\/p>\n<p>(4) Soweit Sie Unternehmer sind, gilt abweichend von den vorstehenden Gew\u00e4hrleistungsregelungen:<\/p>\n<p>a) Als Beschaffenheit der Ware gelten nur unsere eigenen Angaben und die Produktbeschreibung des Herstellers als vereinbart, nicht jedoch sonstige Werbung, \u00f6ffentliche Anpreisungen und \u00c4u\u00dferungen des Herstellers.<\/p>\n<p>b) Bei M\u00e4ngeln leisten wir nach unserer Wahl Gew\u00e4hr durch Nachbesserung oder Nachlieferung. Schl\u00e4gt die Mangelbeseitigung fehl, k\u00f6nnen Sie nach Ihrer Wahl Minderung verlangen oder vom Vertrag zur\u00fccktreten. Die M\u00e4ngelbeseitigung gilt nach erfolglosem zweiten Versuch als fehlgeschlagen, wenn sich nicht insbesondere aus der Art der Ware oder des Mangels oder den sonstigen Umst\u00e4nden etwas anderes ergibt. Im Falle der Nachbesserung m\u00fcssen wir nicht die erh\u00f6hten Kosten tragen, die durch die Verbringung der Ware an einen anderen Ort als den Erf\u00fcllungsort entstehen, sofern die Verbringung nicht dem bestimmungsgem\u00e4\u00dfen Gebrauch der Ware entspricht.<\/p>\n<p>c) Die Gew\u00e4hrleistungsfrist betr\u00e4gt ein Jahr ab Ablieferung der Ware. Die Fristverk\u00fcrzung gilt nicht:<\/p>\n<p>&#8211; f\u00fcr uns zurechenbare schuldhaft verursachte Sch\u00e4den aus der Verletzung des Lebens, des K\u00f6rpers oder der Gesundheit und bei vors\u00e4tzlich oder grob fahrl\u00e4ssig verursachten sonstigen Sch\u00e4den;<br \/>\n&#8211; soweit wir den Mangel arglistig verschwiegen oder eine Garantie f\u00fcr die Beschaffenheit der Sache \u00fcbernommen haben;<br \/>\n&#8211; bei Sachen, die entsprechend ihrer \u00fcblichen Verwendungsweise f\u00fcr ein Bauwerk verwendet worden sind und dessen Mangelhaftigkeit verursacht haben;<br \/>\n&#8211; bei gesetzlichen R\u00fcckgriffsanspr\u00fcchen, die Sie im Zusammenhang mit M\u00e4ngelrechten gegen uns haben.<\/p>\n<p><strong>\u00a7 8 Rechtswahl<\/strong><\/p>\n<p>(1) Es gilt deutsches Recht. Bei Verbrauchern gilt diese Rechtswahl nur, soweit hierdurch der durch zwingende Bestimmungen des Rechts des Staates des gew\u00f6hnlichen Aufenthaltes des Verbrauchers gew\u00e4hrte Schutz nicht entzogen wird (G\u00fcnstigkeitsprinzip).<\/p>\n<p>(2) Die Bestimmungen des UN-Kaufrechts finden ausdr\u00fccklich keine Anwendung.<\/p>\n<p>&nbsp;<\/p>\n<p><strong>II. Kundeninformationen<\/strong><\/p>\n<p><strong>1. Identit\u00e4t des Verk\u00e4ufers<\/strong><\/p>\n<p>Conaito, Attila Szappan<br \/>\nKauffahrtei 23<br \/>\n09120 Chemnitz<br \/>\nDeutschland<br \/>\nTel.: +49-(0)37133715851<br \/>\nEmail: microsquad.sales@gmail.com<br \/>\nInternet: www.micro-squad.com<\/p>\n<p>Steuernummer: 214\/280\/00924<br \/>\nUSt-IdNr. DE348960273<br \/>\nWEEE-Reg.-Nr.: DE66588268<\/p>\n<p><strong>Alternative Streitbeilegung:<\/strong><br \/>\nDie Europ\u00e4ische Kommission stellt eine Plattform f\u00fcr die au\u00dfergerichtliche Online-Streitbeilegung (OS-Plattform) bereit, aufrufbar unter https:\/\/ec.europa.eu\/odr (https:\/\/ec.europa.eu\/odr).<\/p>\n<p><strong>2. Informationen zum Zustandekommen des Vertrages<\/strong><\/p>\n<p>Die technischen Schritte zum Vertragsschluss, der Vertragsschluss selbst und die Korrekturm\u00f6glichkeiten erfolgen nach Ma\u00dfgabe der Regelungen &#8222;Zustandekommen des Vertrages&#8220; unserer Allgemeinen Gesch\u00e4ftsbedingungen (Teil I.).<\/p>\n<p><strong>3. Vertragssprache, Vertragstextspeicherung<\/strong><\/p>\n<p>3.1. Vertragssprache ist deutsch .<\/p>\n<p>3.2. Der vollst\u00e4ndige Vertragstext wird von uns nicht gespeichert. Vor Absenden der Bestellung \u00fcber das Online &#8211; Warenkorbsystem k\u00f6nnen die Vertragsdaten \u00fcber die Druckfunktion des Browsers ausgedruckt oder elektronisch gesichert werden. Nach Zugang der Bestellung bei uns werden die Bestelldaten, die gesetzlich vorgeschriebenen Informationen bei Fernabsatzvertr\u00e4gen und die Allgemeinen Gesch\u00e4ftsbedingungen nochmals per E-Mail an Sie \u00fcbersandt.<\/p>\n<p>3.3. Bei Angebotsanfragen au\u00dferhalb des Online-Warenkorbsystems erhalten Sie alle Vertragsdaten im Rahmen eines verbindlichen Angebotes in Textform \u00fcbersandt, z.B. per E-Mail, welche Sie ausdrucken oder elektronisch sichern k\u00f6nnen.<\/p>\n<p><strong>4. Verhaltenskodizes<\/strong><\/p>\n<p>4.1. Wir haben uns dem Europ\u00e4ischen Verhaltenskodex unterworfen, einsehbar unter: http:\/\/www.euro-label.com\/kodex\/index.html (http:\/\/www.euro-label.com\/kodex\/index.html).<\/p>\n<p><strong>5. Wesentliche Merkmale der Ware oder Dienstleistung<\/strong><\/p>\n<p>Die wesentlichen Merkmale der Ware und\/oder Dienstleistung finden sich im jeweiligen Angebot.<\/p>\n<p><strong>6. Preise und Zahlungsmodalit\u00e4ten<\/strong><\/p>\n<p>6.1. Die in den jeweiligen Angeboten angef\u00fchrten Preise sowie die Versandkosten stellen Gesamtpreise dar. Sie beinhalten alle Preisbestandteile einschlie\u00dflich aller anfallenden Steuern.<\/p>\n<p>6.2. Die anfallenden Versandkosten sind nicht im Kaufpreis enthalten. Sie sind \u00fcber eine entsprechend bezeichnete Schaltfl\u00e4che auf unserer Internetpr\u00e4senz oder im jeweiligen Angebot aufrufbar, werden im Laufe des Bestellvorganges gesondert ausgewiesen und sind von Ihnen zus\u00e4tzlich zu tragen, soweit nicht die versandkostenfreie Lieferung zugesagt ist.<\/p>\n<p>6.3. Erfolgt die Lieferung in L\u00e4nder au\u00dferhalb der Europ\u00e4ischen Union k\u00f6nnen von uns nicht zu vertretende weitere Kosten anfallen, wie z.B. Z\u00f6lle, Steuern oder Geld\u00fcbermittlungsgeb\u00fchren (\u00dcberweisungs- oder Wechselkursgeb\u00fchren der Kreditinstitute), die von Ihnen zu tragen sind.<\/p>\n<p>6.4. Entstandene Kosten der Geld\u00fcbermittlung (\u00dcberweisungs- oder Wechselkursgeb\u00fchren der Kreditinstitute) sind von Ihnen in den F\u00e4llen zu tragen, in denen die Lieferung in einen EU-Mitgliedsstaat erfolgt, die Zahlung aber au\u00dferhalb der Europ\u00e4ischen Union veranlasst wurde.<\/p>\n<p>6.5. Die Ihnen zur Verf\u00fcgung stehenden Zahlungsarten sind unter einer entsprechend bezeichneten Schaltfl\u00e4che auf unserer Internetpr\u00e4senz oder im jeweiligen Angebot ausgewiesen.<\/p>\n<p>6.6. Soweit bei den einzelnen Zahlungsarten nicht anders angegeben, sind die Zahlungsanspr\u00fcche aus dem geschlossenen Vertrag sofort zur Zahlung f\u00e4llig.<\/p>\n<p><strong>7. Lieferbedingungen<\/strong><\/p>\n<p>7.1. Die Lieferbedingungen, der Liefertermin sowie gegebenenfalls bestehende Lieferbeschr\u00e4nkungen finden sich unter einer entsprechend bezeichneten Schaltfl\u00e4che auf unserer Internetpr\u00e4senz oder im jeweiligen Angebot.<\/p>\n<p>7.2. Soweit Sie Verbraucher sind ist gesetzlich geregelt, dass die Gefahr des zuf\u00e4lligen Untergangs und der zuf\u00e4lligen Verschlechterung der verkauften Sache w\u00e4hrend der Versendung erst mit der \u00dcbergabe der Ware an Sie \u00fcbergeht, unabh\u00e4ngig davon, ob die Versendung versichert oder unversichert erfolgt. Dies gilt nicht, wenn Sie eigenst\u00e4ndig ein nicht vom Unternehmer benanntes Transportunternehmen oder eine sonst zur Ausf\u00fchrung der Versendung bestimmte Person beauftragt haben.<\/p>\n<p>Sind Sie Unternehmer, erfolgt die Lieferung und Versendung auf Ihre Gefahr.<\/p>\n<p><strong>8. Gesetzliches M\u00e4ngelhaftungsrecht<\/strong><\/p>\n<p>Die M\u00e4ngelhaftung richtet sich nach der Regelung &#8222;Gew\u00e4hrleistung&#8220; in unseren Allgemeinen Gesch\u00e4ftsbedingungen (Teil I).<\/p>\n<p><strong>9. K\u00fcndigung<\/strong><\/p>\n<p>9.1. Informationen zur K\u00fcndigung des Vertrages sowie den K\u00fcndigungsbedingungen finden Sie in den Regelungen zu &#8222;Montageleistungen&#8220; in unseren Allgemeinen Gesch\u00e4ftsbedingungen (Teil I), sowie im jeweiligen Angebot.<\/p>\n<p>9.2. Informationen zur K\u00fcndigung des Vertrages sowie den K\u00fcndigungsbedingungen finden Sie in den Regelungen zu &#8222;Reparaturleistungen&#8220; in unseren Allgemeinen Gesch\u00e4ftsbedingungen (Teil I), sowie im jeweiligen Angebot.<\/p>\n<p>Diese AGB und Kundeninformationen wurden von den auf IT-Recht spezialisierten Juristen des H\u00e4ndlerbundes erstellt und werden permanent auf Rechtskonformit\u00e4t gepr\u00fcft. Die H\u00e4ndlerbund Management AG garantiert f\u00fcr die Rechtssicherheit der Texte und haftet im Falle von Abmahnungen. N\u00e4here Informationen dazu finden Sie unter: https:\/\/www.haendlerbund.de\/de\/leistungen\/rechtssicherheit\/agb-service (https:\/\/www.haendlerbund.de\/de\/leistungen\/rechtssicherheit\/agb-service).<\/p>\n<p><em>Alle angegebenen Preise sind Endpreise. Gem\u00e4\u00df \u00a7 19 UStG wird keine Umsatzsteuer erhoben und folglich nicht ausgewiesen.<\/em><\/p>\n<p>letzte Aktualisierung: 01.01.2022<\/p>\n\n\n\t\t<\/div>\n\t\t\t\t\t<\/div>\n\n\t\n<\/div>\n\t\t<\/div>\n\n\t\t\n<style>\n#section_544564934 {\n  padding-top: 20px;\n  padding-bottom: 20px;\n}\n<\/style>\n\t<\/section>","protected":false},"excerpt":{"rendered":"","protected":false},"author":1,"featured_media":0,"parent":0,"menu_order":0,"comment_status":"closed","ping_status":"closed","template":"","meta":{"footnotes":""},"class_list":["post-817","page","type-page","status-publish","hentry"],"aioseo_notices":[],"_links":{"self":[{"href":"https:\/\/micro-squad.com\/en\/wp-json\/wp\/v2\/pages\/817","targetHints":{"allow":["GET"]}}],"collection":[{"href":"https:\/\/micro-squad.com\/en\/wp-json\/wp\/v2\/pages"}],"about":[{"href":"https:\/\/micro-squad.com\/en\/wp-json\/wp\/v2\/types\/page"}],"author":[{"embeddable":true,"href":"https:\/\/micro-squad.com\/en\/wp-json\/wp\/v2\/users\/1"}],"replies":[{"embeddable":true,"href":"https:\/\/micro-squad.com\/en\/wp-json\/wp\/v2\/comments?post=817"}],"version-history":[{"count":0,"href":"https:\/\/micro-squad.com\/en\/wp-json\/wp\/v2\/pages\/817\/revisions"}],"wp:attachment":[{"href":"https:\/\/micro-squad.com\/en\/wp-json\/wp\/v2\/media?parent=817"}],"curies":[{"name":"wp","href":"https:\/\/api.w.org\/{rel}","templated":true}]}}