{"id":812,"date":"2018-05-09T11:49:04","date_gmt":"2018-05-09T09:49:04","guid":{"rendered":"http:\/\/schubkraftfpv.com\/wp3\/?page_id=812"},"modified":"2022-02-07T11:11:58","modified_gmt":"2022-02-07T10:11:58","slug":"impressum","status":"publish","type":"page","link":"https:\/\/micro-squad.com\/en\/impressum\/","title":{"rendered":"Impressum"},"content":{"rendered":"<section class=\"section\" id=\"section_1509319789\">\n\t\t<div class=\"section-bg fill\" >\n\t\t\t\t\t\t\t\t\t\n\t\t\t\n\n\t\t<\/div>\n\n\t\t\n\n\t\t<div class=\"section-content relative\">\n\t\t\t\n\t<div id=\"gap-1445282200\" class=\"gap-element clearfix\" style=\"display:block; height:auto;\">\n\t\t\n<style>\n#gap-1445282200 {\n  padding-top: 50px;\n}\n<\/style>\n\t<\/div>\n\t\n<div class=\"row align-center\"  id=\"row-563296100\">\n\n\t<div id=\"col-1225013674\" class=\"col medium-4 small-10 large-4\"  >\n\t\t\t\t<div class=\"col-inner\"  >\n\t\t\t\n\t\t\t\n\n<h1><span style=\"font-size: 150%;\">Imprint<\/span><\/h1>\n\n\n\t\t<\/div>\n\t\t\t\t\n<style>\n#col-1225013674 > .col-inner {\n  padding: 0px 40px 0px 0px;\n}\n<\/style>\n\t<\/div>\n\n\t\n\n\t<div id=\"col-1153981541\" class=\"col medium-8 small-10 large-8\"  >\n\t\t\t\t<div class=\"col-inner\"  >\n\t\t\t\n\t\t\t\n\n<p><strong>Legal website operator identification:<\/strong><\/p>\n<p>Conaito, Attila Szappan<br \/>\nKauffahrtei 23<br \/>\n09120 Chemnitz<br \/>\nDeutschland<br \/>\nTel.: +49-(0)37133715851<br \/>\nEmail: microsquad.sales@gmail.com<br \/>\nInternet: www.micro-squad.com<\/p>\n<p>Steuernummer: 214\/280\/00924<br \/>\nUSt-IdNr. DE348960273<br \/>\nWEEE-Reg.-Nr. DE66588268<\/p>\n<p>Inhaltlich Verantwortlicher gem\u00e4\u00df \u00a7 18 Abs. 2 MStV: Attila Szappan<\/p>\n<p><strong>Alternative Streitbeilegung:<\/strong><br \/>\nDie Europ\u00e4ische Kommission stellt eine Plattform f\u00fcr die au\u00dfergerichtliche Online-Streitbeilegung (OS-Plattform) bereit, aufrufbar unter\u00a0<a href=\"https:\/\/ec.europa.eu\/odr\" target=\"_blank\" rel=\"noopener noreferrer\">https:\/\/ec.europa.eu\/odr<\/a>.<\/p>\n<p><strong>Haftungsbeschr\u00e4nkung f\u00fcr Inhalte der Website<\/strong><br \/>\nGem\u00e4\u00df \u00a7 7 Abs. 1 TMG ist der Verantwortliche der Website i. S. v. \u00a7 5 TMG f\u00fcr eigene Informationen, die er zur Nutzung bereith\u00e4lt, nach den allgemeinen Gesetzen verantwortlich.<\/p>\n<p>Der Verantwortliche der vorbezeichneten Website \u00fcbernimmt keine Haftung auf Aktualit\u00e4t, Richtigkeit und Vollst\u00e4ndigkeit der auf dieser Website zur Verf\u00fcgung gestellten Inhalte. Dies gilt nicht, wenn dem Verantwortlichen vors\u00e4tzliches oder grob fahrl\u00e4ssiges Verhalten vorzuwerfen ist. Die Inhalte wurden mit der gr\u00f6\u00dftm\u00f6glichen Sorgfalt erstellt. Dennoch kann die inhaltliche Richtigkeit insbesondere bei komplexen Themen nicht gew\u00e4hrleistet werden, so dass der Verantwortliche den Nutzern empfiehlt, bei wichtigen Informationen bei den zust\u00e4ndigen Stellen anzufragen oder rechtliche Beratung in Anspruch zu nehmen. Sofern kostenpflichtige Inhalte oder Dienste auf der Website zur Verf\u00fcgung gestellt werden, handelt es sich dabei um unverbindliche Invitatio ad offerendum, welche lediglich zur Abgabe eines Angebots durch den Nutzer aufrufen und selbst kein verbindliches Angebot darstellen.<\/p>\n<p>Gem\u00e4\u00df \u00a7\u00a7 8 ff. TMG ist der Website-Betreiber f\u00fcr fremde Inhalte, die er f\u00fcr einen Nutzer ver\u00f6ffentlicht, nicht verantwortlich, sofern<\/p>\n<ul>\n<li>er keine Kenntnis von der rechtswidrigen Handlung oder der Information hat und ihm im Falle von Schadensersatzanspr\u00fcchen auch keine Tatsachen oder Umst\u00e4nde bekannt sind, aus denen die rechtswidrige Handlung oder die Information offensichtlich wird, oder<\/li>\n<li>er unverz\u00fcglich t\u00e4tig geworden ist, um die Information zu entfernen oder den Zugang zu ihr zu sperren, sobald er diese Kenntnis erlangt hat.<br \/>\nErlangt der Website-Betreiber Kenntnis von solchen rechtswidrigen Inhalten, werden diese unverz\u00fcglich entfernt.<\/li>\n<\/ul>\n<p><strong>Haftung f\u00fcr ausgehende Links<\/strong><br \/>\nDer Website-Betreiber verlinkt von seiner Website auf fremde Websites. Durch diese sog. \u201eHyperlinks\u201c wird der Nutzer direkt auf die fremde Website geleitet. Der Website-Betreiber hat dabei keinerlei Einfluss auf die Informationen der fremden Website. Daher kann keine Haftung f\u00fcr die Aktualit\u00e4t, Richtigkeit und Vollst\u00e4ndigkeit der Inhalte der fremden Website \u00fcbernommen werden. Der Website-Betreiber versichert jedoch, dass ihm zum Zeitpunkt des Setzens der Verlinkung keinerlei rechtliche Verst\u00f6\u00dfe bekannt waren und er die fremde Website im Rahmen des Zumutbaren gepr\u00fcft hat.<\/p>\n<p>Erh\u00e4lt der Website-Betreiber Kenntnis von der Rechtswidrigkeit der verlinkten Inhalte, wird der entsprechende Link unverz\u00fcglich entfernt.<\/p>\n<p><strong>Urheberrechte<\/strong><br \/>\nDie auf dieser Webseite ver\u00f6ffentlichten Inhalte unterliegen dem deutschen Urheberrecht.<\/p>\n<p>Als Urheber i. S. v. \u00a7 7 UrhG stehen dem Website-Betreiber die alleinigen und ausschlie\u00dflichen Verwertungsrechte gem\u00e4\u00df \u00a7\u00a7 15 ff. UrhG zu. Eine Vervielf\u00e4ltigung oder Verwendung s\u00e4mtlicher Inhalte der Website in fremden elektronischen oder gedruckten Medien ist ohne vorherige Zustimmung des Website-Betreibers untersagt und wird ggf. verfolgt.<\/p>\n<p><strong>Datenschutz<\/strong><br \/>\nDie Website kann grunds\u00e4tzlich ohne Eingabe von personenbezogenen Daten wie z. B. Name oder E-Mail-Adresse genutzt werden. Sollte die M\u00f6glichkeit der Eingabe solcher Daten bestehen, so erfolgt die Mitteilung dieser Daten auf freiwilliger Basis durch den Nutzer. Eine Weitergabe dieser Daten an Dritte ist ohne die ausdr\u00fcckliche Zustimmung durch den Nutzer ausgeschlossen.<\/p>\n<p>Ein l\u00fcckenloser Schutz der \u00fcbermittelten Daten vor dem Zugriff durch unbefugte Dritte ist jedoch nicht m\u00f6glich, da es im Bereich der Daten\u00fcbermittlung im Internet zu Sicherheitsl\u00fccken kommen kann. Der Website-Betreiber versucht jedoch, die Gefahr des unbefugten Zugriffs durch geeignete Ma\u00dfnahmen zu unterbinden und im Falle der Kenntnis von einer Sicherheitsl\u00fccke diese durch geeignete Ma\u00dfnahmen zu schlie\u00dfen.<\/p>\n<p>Der Nutzung der im Impressum ver\u00f6ffentlichten Kontaktdaten durch Dritte zur \u00dcbersendung von nicht ausdr\u00fccklich gew\u00fcnschter Werbung, insbesondere Spam-Mails, wird widersprochen und im Falle der Nichtbeachtung ggf. mit rechtlichen Schritten verfolgt.<\/p>\n<p>(Quelle: <a href=\"https:\/\/www.kanzlei-wirtschaftsrecht.berlin\/\" target=\"_blank\" rel=\"noopener noreferrer\">BUSE HERZ GRUNST Rechtsanw\u00e4lte<\/a>)<\/p>\n<p><strong>Keine Abmahnung ohne vorherigen Kontakt!<\/strong><\/p>\n<p>Sollte irgendwelcher Inhalt oder die designtechnische Gestaltung einzelner Seiten oder Teile dieses Internetauftritts Rechte Dritter oder gesetzliche Bestimmungen verletzen oder anderweitig in irgendeiner Form wettbewerbsrechtliche Probleme hervorbringen, so bitten wir unter Berufung auf \u00a7 8 Abs. 4 UWG, um eine angemessene, ausreichend erl\u00e4uternde und schnelle Nachricht ohne Kostennote. Wir garantieren, dass die zu Recht beanstandeten Passagen oder Teile dieser Webseiten in angemessener Frist entfernt bzw. den rechtlichen Vorgaben umf\u00e4nglich angepasst werden, ohne dass von Ihrer Seite die Einschaltung eines Rechtsbeistandes erforderlich ist.<\/p>\n<p>Die Einschaltung eines Anwaltes, zur f\u00fcr den Dienstanbieter kostenpflichtigen Abmahnung, entspricht nicht dessen wirklichen oder mutma\u00dflichen Willen und w\u00fcrde damit einen Versto\u00df gegen \u00a7 13 Abs. 5 UWG, wegen der Verfolgung sachfremder Ziele als beherrschendes Motiv der Verfahrenseinleitung, insbesondere einer Kostenerzielungsabsicht als eigentliche Triebfeder, sowie einen Versto\u00df gegen die Schadensminderungspflicht darstellen.<\/p>\n<p>(Quelle: Disclaimer von Juraforum.de in Kooperation mit connektar.de)<\/p>\n\n<\/span><\/p>\n\t\t<\/div>\n\t\t\t\t\t<\/div>\n\n\t\n<\/div>\n\t\t<\/div>\n\n\t\t\n<style>\n#section_1509319789 {\n  padding-top: 20px;\n  padding-bottom: 20px;\n}\n<\/style>\n\t<\/section>","protected":false},"excerpt":{"rendered":"","protected":false},"author":1,"featured_media":0,"parent":0,"menu_order":0,"comment_status":"closed","ping_status":"closed","template":"","meta":{"footnotes":""},"class_list":["post-812","page","type-page","status-publish","hentry"],"aioseo_notices":[],"_links":{"self":[{"href":"https:\/\/micro-squad.com\/en\/wp-json\/wp\/v2\/pages\/812","targetHints":{"allow":["GET"]}}],"collection":[{"href":"https:\/\/micro-squad.com\/en\/wp-json\/wp\/v2\/pages"}],"about":[{"href":"https:\/\/micro-squad.com\/en\/wp-json\/wp\/v2\/types\/page"}],"author":[{"embeddable":true,"href":"https:\/\/micro-squad.com\/en\/wp-json\/wp\/v2\/users\/1"}],"replies":[{"embeddable":true,"href":"https:\/\/micro-squad.com\/en\/wp-json\/wp\/v2\/comments?post=812"}],"version-history":[{"count":0,"href":"https:\/\/micro-squad.com\/en\/wp-json\/wp\/v2\/pages\/812\/revisions"}],"wp:attachment":[{"href":"https:\/\/micro-squad.com\/en\/wp-json\/wp\/v2\/media?parent=812"}],"curies":[{"name":"wp","href":"https:\/\/api.w.org\/{rel}","templated":true}]}}