{"id":5632,"date":"2018-12-18T19:49:02","date_gmt":"2018-12-18T18:49:02","guid":{"rendered":"https:\/\/micro-squad.com\/?page_id=5632"},"modified":"2018-12-18T20:04:29","modified_gmt":"2018-12-18T19:04:29","slug":"antennen-upgrade-microsquad-race","status":"publish","type":"page","link":"https:\/\/micro-squad.com\/en\/antennen-upgrade-microsquad-race\/","title":{"rendered":"Upgrade Antenne Microsquad Race"},"content":{"rendered":"<div class=\"container section-title-container\" ><h3 class=\"section-title section-title-normal\"><b><\/b><span class=\"section-title-main\" >Upgrade Antenne Microsquad Race<\/span><b><\/b><\/h3><\/div>\n<p>Wer m\u00f6chte kann ein Upgrade der Antenne f\u00fcr den Microsquad 65 Pro Race vornehmen. Anbei eine kleine Anleitung. Freundlicherweise wurde diese von <a href=\"https:\/\/www.copter-forum.de\/thread\/1649-microsquad-65-pro-race-brushless-tinywhoop-drfrantic77\/\" target=\"_blank\" rel=\"noopener\">copter-forum.de<\/a> zur Verf\u00fcgung gestellt. <strong>Vielen Dank!<\/strong><\/p>\n<div class=\"social-icons follow-icons full-width text-center\" ><a href=\"https:\/\/www.facebook.com\/microsquadFPV\/\" target=\"_blank\" data-label=\"Facebook\" class=\"icon primary button circle facebook tooltip\" title=\"Follow on Facebook\" aria-label=\"Follow on Facebook\" rel=\"noopener nofollow\" ><i class=\"icon-facebook\" ><\/i><\/a><a href=\"https:\/\/www.instagram.com\/microsquad_fpv\/\" target=\"_blank\" data-label=\"Instagram\" class=\"icon primary button circle instagram tooltip\" title=\"Follow on Instagram\" aria-label=\"Follow on Instagram\" rel=\"noopener nofollow\" ><i class=\"icon-instagram\" ><\/i><\/a><a href=\"https:\/\/twitter.com\/MicrosquadF\" data-label=\"Twitter\" target=\"_blank\" class=\"icon primary button circle twitter tooltip\" title=\"Follow on Twitter\" aria-label=\"Follow on Twitter\" rel=\"noopener nofollow\" ><i class=\"icon-twitter\" ><\/i><\/a><a href=\"mailto:microsquad.sales@gmail.com\" data-label=\"E-mail\" target=\"_blank\" class=\"icon primary button circle email tooltip\" title=\"Send us an email\" aria-label=\"Send us an email\" rel=\"nofollow noopener\" ><i class=\"icon-envelop\" ><\/i><\/a><a href=\"https:\/\/www.pinterest.de\/Microsquad_FPV\/\" data-label=\"Pinterest\" target=\"_blank\" class=\"icon primary button circle pinterest tooltip\" title=\"Follow on Pinterest\" aria-label=\"Follow on Pinterest\" rel=\"noopener nofollow\" ><i class=\"icon-pinterest\" ><\/i><\/a><a href=\"https:\/\/www.youtube.com\/channel\/UCeuT1YzdlPxoYnWYTjeRCMQ\" data-label=\"YouTube\" target=\"_blank\" class=\"icon primary button circle youtube tooltip\" title=\"Follow on YouTube\" aria-label=\"Follow on YouTube\" rel=\"noopener nofollow\" ><i class=\"icon-youtube\" ><\/i><\/a><a href=\"http:\/\/www.flickr.com\/photos\/microsquadfpv\/\" data-label=\"Flickr\" target=\"_blank\" class=\"icon primary button circle flickr tooltip\" title=\"Flickr\" aria-label=\"Flickr\" rel=\"noopener nofollow\" ><i class=\"icon-flickr\" ><\/i><\/a><\/div>\n\t<div class=\"box has-hover   has-hover box-text-bottom\" >\n\n\t\t<div class=\"box-image\" >\n\t\t\t\t\t\t<div class=\"image-cover\" style=\"padding-top:50%;\">\n\t\t\t\t<img loading=\"lazy\" decoding=\"async\" width=\"1916\" height=\"931\" src=\"https:\/\/micro-squad.com\/wp-content\/uploads\/2018\/12\/MicroSquad-65-pro-race-antennen-upgrade-2.jpg\" class=\"attachment- size-\" alt=\"\" srcset=\"https:\/\/micro-squad.com\/wp-content\/uploads\/2018\/12\/MicroSquad-65-pro-race-antennen-upgrade-2.jpg 1916w, https:\/\/micro-squad.com\/wp-content\/uploads\/2018\/12\/MicroSquad-65-pro-race-antennen-upgrade-2-800x389.jpg 800w, https:\/\/micro-squad.com\/wp-content\/uploads\/2018\/12\/MicroSquad-65-pro-race-antennen-upgrade-2-768x373.jpg 768w, https:\/\/micro-squad.com\/wp-content\/uploads\/2018\/12\/MicroSquad-65-pro-race-antennen-upgrade-2-1400x680.jpg 1400w, https:\/\/micro-squad.com\/wp-content\/uploads\/2018\/12\/MicroSquad-65-pro-race-antennen-upgrade-2-500x243.jpg 500w, https:\/\/micro-squad.com\/wp-content\/uploads\/2018\/12\/MicroSquad-65-pro-race-antennen-upgrade-2-700x340.jpg 700w\" sizes=\"auto, (max-width: 1916px) 100vw, 1916px\" \/>\t\t\t\t\t\t\t\t\t\t\t<\/div>\n\t\t\t\t\t<\/div>\n\n\t\t<div class=\"box-text text-center dark\" style=\"background-color:rgb(0, 0, 0);\">\n\t\t\t<div class=\"box-text-inner\">\n\t\t\t\t\n<p>Original ist hier nur ein Kabel verl\u00f6tet, das wieder eine Schirmung noch Masseanschluss hat.<\/p>\n\t\t\t<\/div>\n\t\t<\/div>\n\t<\/div>\n\t\n\t<div class=\"box has-hover   has-hover box-text-bottom\" >\n\n\t\t<div class=\"box-image\" >\n\t\t\t\t\t\t<div class=\"image-cover\" style=\"padding-top:50%;\">\n\t\t\t\t<img loading=\"lazy\" decoding=\"async\" width=\"1916\" height=\"931\" src=\"https:\/\/micro-squad.com\/wp-content\/uploads\/2018\/12\/MicroSquad-65-pro-race-antennen-upgrade-1.jpg\" class=\"attachment- size-\" alt=\"\" srcset=\"https:\/\/micro-squad.com\/wp-content\/uploads\/2018\/12\/MicroSquad-65-pro-race-antennen-upgrade-1.jpg 1916w, https:\/\/micro-squad.com\/wp-content\/uploads\/2018\/12\/MicroSquad-65-pro-race-antennen-upgrade-1-800x389.jpg 800w, https:\/\/micro-squad.com\/wp-content\/uploads\/2018\/12\/MicroSquad-65-pro-race-antennen-upgrade-1-768x373.jpg 768w, https:\/\/micro-squad.com\/wp-content\/uploads\/2018\/12\/MicroSquad-65-pro-race-antennen-upgrade-1-1400x680.jpg 1400w, https:\/\/micro-squad.com\/wp-content\/uploads\/2018\/12\/MicroSquad-65-pro-race-antennen-upgrade-1-500x243.jpg 500w, https:\/\/micro-squad.com\/wp-content\/uploads\/2018\/12\/MicroSquad-65-pro-race-antennen-upgrade-1-700x340.jpg 700w\" sizes=\"auto, (max-width: 1916px) 100vw, 1916px\" \/>\t\t\t\t\t\t\t\t\t\t\t<\/div>\n\t\t\t\t\t<\/div>\n\n\t\t<div class=\"box-text text-center dark\" style=\"background-color:rgb(0, 0, 0);\">\n\t\t\t<div class=\"box-text-inner\">\n\t\t\t\t\n<p>Wie im Bild zu sehen ist liegt Abhilfe schon bereit.<\/p>\n\t\t\t<\/div>\n\t\t<\/div>\n\t<\/div>\n\t\n\t<div class=\"box has-hover   has-hover box-text-bottom\" >\n\n\t\t<div class=\"box-image\" >\n\t\t\t\t\t\t<div class=\"image-cover\" style=\"padding-top:50%;\">\n\t\t\t\t<img loading=\"lazy\" decoding=\"async\" width=\"1916\" height=\"931\" src=\"https:\/\/micro-squad.com\/wp-content\/uploads\/2018\/12\/MicroSquad-65-pro-race-antennen-upgrade-3.jpg\" class=\"attachment- size-\" alt=\"\" srcset=\"https:\/\/micro-squad.com\/wp-content\/uploads\/2018\/12\/MicroSquad-65-pro-race-antennen-upgrade-3.jpg 1916w, https:\/\/micro-squad.com\/wp-content\/uploads\/2018\/12\/MicroSquad-65-pro-race-antennen-upgrade-3-800x389.jpg 800w, https:\/\/micro-squad.com\/wp-content\/uploads\/2018\/12\/MicroSquad-65-pro-race-antennen-upgrade-3-768x373.jpg 768w, https:\/\/micro-squad.com\/wp-content\/uploads\/2018\/12\/MicroSquad-65-pro-race-antennen-upgrade-3-1400x680.jpg 1400w, https:\/\/micro-squad.com\/wp-content\/uploads\/2018\/12\/MicroSquad-65-pro-race-antennen-upgrade-3-500x243.jpg 500w, https:\/\/micro-squad.com\/wp-content\/uploads\/2018\/12\/MicroSquad-65-pro-race-antennen-upgrade-3-700x340.jpg 700w\" sizes=\"auto, (max-width: 1916px) 100vw, 1916px\" \/>\t\t\t\t\t\t\t\t\t\t\t<\/div>\n\t\t\t\t\t<\/div>\n\n\t\t<div class=\"box-text text-center dark\" style=\"background-color:rgb(0, 0, 0);\">\n\t\t\t<div class=\"box-text-inner\">\n\t\t\t\t\n<p>Auf dem Videosender ist auch ein Massepad verhanden, das wir mit der neuen Antenne nutzen werden.<\/p>\n\t\t\t<\/div>\n\t\t<\/div>\n\t<\/div>\n\t\n\t<div class=\"box has-hover   has-hover box-text-bottom\" >\n\n\t\t<div class=\"box-image\" >\n\t\t\t\t\t\t<div class=\"image-cover\" style=\"padding-top:50%;\">\n\t\t\t\t<img loading=\"lazy\" decoding=\"async\" width=\"280\" height=\"210\" src=\"https:\/\/micro-squad.com\/wp-content\/uploads\/2018\/12\/MicroSquad-65-pro-race-antennen-upgrade-4.jpg\" class=\"attachment- size-\" alt=\"\" \/>\t\t\t\t\t\t\t\t\t\t\t<\/div>\n\t\t\t\t\t<\/div>\n\n\t\t<div class=\"box-text text-center dark\" style=\"background-color:rgb(0, 0, 0);\">\n\t\t\t<div class=\"box-text-inner\">\n\t\t\t\t\n<p>Somit m\u00fcssen beide Pads verzinnt werden. Mitte ist die Seele (Signal) und au\u00dfen haben wir die Masse. Wir schneiden von der neuen Antenne den Stecker ab. Entfernen vorsichtig die Isolierung und nen trennen das Netzgitter auf. Das wir dann am Ende zusammen drillen. Das wird dann unsere Masse! Im inneren haben wir ein weiteres Isoliertes Kabel (Seele). Diese wird so kurz wie m\u00f6glich abisoliert und verzinnt.<br \/>\nJetzt L\u00f6ten wir die Seele mittig auf und die vorbereitete Schrimung an Masse&#8230;. und das ist jetzt nicht so einfach gemacht wie gesagt.<\/p>\n\t\t\t<\/div>\n\t\t<\/div>\n\t<\/div>\n\t\n\t<div class=\"box has-hover   has-hover box-text-bottom\" >\n\n\t\t<div class=\"box-image\" >\n\t\t\t\t\t\t<div class=\"image-cover\" style=\"padding-top:50%;\">\n\t\t\t\t<img loading=\"lazy\" decoding=\"async\" width=\"1916\" height=\"931\" src=\"https:\/\/micro-squad.com\/wp-content\/uploads\/2018\/12\/MicroSquad-65-pro-race-antennen-upgrade-5.jpg\" class=\"attachment- size-\" alt=\"\" srcset=\"https:\/\/micro-squad.com\/wp-content\/uploads\/2018\/12\/MicroSquad-65-pro-race-antennen-upgrade-5.jpg 1916w, https:\/\/micro-squad.com\/wp-content\/uploads\/2018\/12\/MicroSquad-65-pro-race-antennen-upgrade-5-800x389.jpg 800w, https:\/\/micro-squad.com\/wp-content\/uploads\/2018\/12\/MicroSquad-65-pro-race-antennen-upgrade-5-768x373.jpg 768w, https:\/\/micro-squad.com\/wp-content\/uploads\/2018\/12\/MicroSquad-65-pro-race-antennen-upgrade-5-1400x680.jpg 1400w, https:\/\/micro-squad.com\/wp-content\/uploads\/2018\/12\/MicroSquad-65-pro-race-antennen-upgrade-5-500x243.jpg 500w, https:\/\/micro-squad.com\/wp-content\/uploads\/2018\/12\/MicroSquad-65-pro-race-antennen-upgrade-5-700x340.jpg 700w\" sizes=\"auto, (max-width: 1916px) 100vw, 1916px\" \/>\t\t\t\t\t\t\t\t\t\t\t<\/div>\n\t\t\t\t\t<\/div>\n\n\t\t<div class=\"box-text text-center dark\" style=\"background-color:rgb(0, 0, 0);\">\n\t\t\t<div class=\"box-text-inner\">\n\t\t\t\t\n<p>Ich hab das ganze in nem leiten Bogen aufgel\u00f6tet&#8230;. nicht sonderlich sch\u00f6n geworden. Aber daf\u00fcr selten.<br \/>Danach k\u00f6nnen wir das Canopy wieder verschrauben.<\/p>\n<p>\u00dcber das Mehrgewicht kann man jetzt nat\u00fcrlich streiten. Ich selbst bin mehr der Freestyler. Von daher ist mir das so lieber!<\/p>\n\t\t\t<\/div>\n\t\t<\/div>\n\t<\/div>\n\t\n\t<div id=\"gap-2014793704\" class=\"gap-element clearfix\" style=\"display:block; height:auto;\">\n\t\t\n<style>\n#gap-2014793704 {\n  padding-top: 30px;\n}\n<\/style>\n\t<\/div>\n\t\n<div class=\"social-icons follow-icons full-width text-center\" ><a href=\"https:\/\/www.facebook.com\/microsquadFPV\/\" target=\"_blank\" data-label=\"Facebook\" class=\"icon primary button circle facebook tooltip\" title=\"Follow on Facebook\" aria-label=\"Follow on Facebook\" rel=\"noopener nofollow\" ><i class=\"icon-facebook\" ><\/i><\/a><a href=\"https:\/\/www.instagram.com\/microsquad_fpv\/\" target=\"_blank\" data-label=\"Instagram\" class=\"icon primary button circle instagram tooltip\" title=\"Follow on Instagram\" aria-label=\"Follow on Instagram\" rel=\"noopener nofollow\" ><i class=\"icon-instagram\" ><\/i><\/a><a href=\"https:\/\/twitter.com\/MicrosquadF\" data-label=\"Twitter\" target=\"_blank\" class=\"icon primary button circle twitter tooltip\" title=\"Follow on Twitter\" aria-label=\"Follow on Twitter\" rel=\"noopener nofollow\" ><i class=\"icon-twitter\" ><\/i><\/a><a href=\"mailto:microsquad.sales@gmail.com\" data-label=\"E-mail\" target=\"_blank\" class=\"icon primary button circle email tooltip\" title=\"Send us an email\" aria-label=\"Send us an email\" rel=\"nofollow noopener\" ><i class=\"icon-envelop\" ><\/i><\/a><a href=\"https:\/\/www.pinterest.de\/Microsquad_FPV\/\" data-label=\"Pinterest\" target=\"_blank\" class=\"icon primary button circle pinterest tooltip\" title=\"Follow on Pinterest\" aria-label=\"Follow on Pinterest\" rel=\"noopener nofollow\" ><i class=\"icon-pinterest\" ><\/i><\/a><a href=\"https:\/\/www.youtube.com\/channel\/UCeuT1YzdlPxoYnWYTjeRCMQ\" data-label=\"YouTube\" target=\"_blank\" class=\"icon primary button circle youtube tooltip\" title=\"Follow on YouTube\" aria-label=\"Follow on YouTube\" rel=\"noopener nofollow\" ><i class=\"icon-youtube\" ><\/i><\/a><a href=\"http:\/\/www.flickr.com\/photos\/microsquadfpv\/\" data-label=\"Flickr\" target=\"_blank\" class=\"icon primary button circle flickr tooltip\" title=\"Flickr\" aria-label=\"Flickr\" rel=\"noopener nofollow\" ><i class=\"icon-flickr\" ><\/i><\/a><\/div>","protected":false},"excerpt":{"rendered":"<p>Wer m\u00f6chte kann ein Upgrade der Antenne f\u00fcr den Microsquad 65 Pro Race vornehmen. Anbei eine kleine Anleitung. Freundlicherweise wurde diese von copter-forum.de zur Verf\u00fcgung gestellt. Vielen Dank!<\/p>","protected":false},"author":1,"featured_media":0,"parent":0,"menu_order":0,"comment_status":"closed","ping_status":"closed","template":"","meta":{"footnotes":""},"class_list":["post-5632","page","type-page","status-publish","hentry"],"aioseo_notices":[],"_links":{"self":[{"href":"https:\/\/micro-squad.com\/en\/wp-json\/wp\/v2\/pages\/5632","targetHints":{"allow":["GET"]}}],"collection":[{"href":"https:\/\/micro-squad.com\/en\/wp-json\/wp\/v2\/pages"}],"about":[{"href":"https:\/\/micro-squad.com\/en\/wp-json\/wp\/v2\/types\/page"}],"author":[{"embeddable":true,"href":"https:\/\/micro-squad.com\/en\/wp-json\/wp\/v2\/users\/1"}],"replies":[{"embeddable":true,"href":"https:\/\/micro-squad.com\/en\/wp-json\/wp\/v2\/comments?post=5632"}],"version-history":[{"count":0,"href":"https:\/\/micro-squad.com\/en\/wp-json\/wp\/v2\/pages\/5632\/revisions"}],"wp:attachment":[{"href":"https:\/\/micro-squad.com\/en\/wp-json\/wp\/v2\/media?parent=5632"}],"curies":[{"name":"wp","href":"https:\/\/api.w.org\/{rel}","templated":true}]}}