{"id":4817,"date":"2018-12-07T13:24:23","date_gmt":"2018-12-07T12:24:23","guid":{"rendered":"https:\/\/micro-squad.com\/?page_id=4817"},"modified":"2018-12-07T14:06:34","modified_gmt":"2018-12-07T13:06:34","slug":"d8-in-frsky-sender-mit-eu-lbt-aktivieren","status":"publish","type":"page","link":"https:\/\/micro-squad.com\/en\/d8-in-frsky-sender-mit-eu-lbt-aktivieren\/","title":{"rendered":"D8 IN FRSKY SENDER MIT EU-LBT AKTIVIEREN"},"content":{"rendered":"<div class=\"container section-title-container\" ><h3 class=\"section-title section-title-normal\"><b><\/b><span class=\"section-title-main\" >D8 auf einer FrSky Taranis EU-LBT aktivieren<\/span><b><\/b><\/h3><\/div>\n<p>Pr\u00fcfe zuerst ob deine Taranis bereits die M\u00f6glichkeit hat D8 auszuw\u00e4hlen. Wenn dies so ist dann kannst du diese Anleitung \u00fcberspringen. Wenn nicht gehe bitte wie folgt vor (somit aktivierst du D8 OHNE deine Taranis zu Non-EU zu flashen und deine EU LBT Empf\u00e4nger binden weiterhin). <strong>Bitte ganz genau befolgen!<\/strong><\/p>\n<div class=\"social-icons follow-icons full-width text-center\" ><a href=\"https:\/\/www.facebook.com\/microsquadFPV\/\" target=\"_blank\" data-label=\"Facebook\" class=\"icon primary button circle facebook tooltip\" title=\"Follow on Facebook\" aria-label=\"Follow on Facebook\" rel=\"noopener nofollow\" ><i class=\"icon-facebook\" ><\/i><\/a><a href=\"https:\/\/www.instagram.com\/microsquad_fpv\/\" target=\"_blank\" data-label=\"Instagram\" class=\"icon primary button circle instagram tooltip\" title=\"Follow on Instagram\" aria-label=\"Follow on Instagram\" rel=\"noopener nofollow\" ><i class=\"icon-instagram\" ><\/i><\/a><a href=\"https:\/\/twitter.com\/MicrosquadF\" data-label=\"Twitter\" target=\"_blank\" class=\"icon primary button circle twitter tooltip\" title=\"Follow on Twitter\" aria-label=\"Follow on Twitter\" rel=\"noopener nofollow\" ><i class=\"icon-twitter\" ><\/i><\/a><a href=\"mailto:microsquad.sales@gmail.com\" data-label=\"E-mail\" target=\"_blank\" class=\"icon primary button circle email tooltip\" title=\"Send us an email\" aria-label=\"Send us an email\" rel=\"nofollow noopener\" ><i class=\"icon-envelop\" ><\/i><\/a><a href=\"https:\/\/www.pinterest.de\/Microsquad_FPV\/\" data-label=\"Pinterest\" target=\"_blank\" class=\"icon primary button circle pinterest tooltip\" title=\"Follow on Pinterest\" aria-label=\"Follow on Pinterest\" rel=\"noopener nofollow\" ><i class=\"icon-pinterest\" ><\/i><\/a><a href=\"https:\/\/www.youtube.com\/channel\/UCeuT1YzdlPxoYnWYTjeRCMQ\" data-label=\"YouTube\" target=\"_blank\" class=\"icon primary button circle youtube tooltip\" title=\"Follow on YouTube\" aria-label=\"Follow on YouTube\" rel=\"noopener nofollow\" ><i class=\"icon-youtube\" ><\/i><\/a><a href=\"http:\/\/www.flickr.com\/photos\/microsquadfpv\/\" data-label=\"Flickr\" target=\"_blank\" class=\"icon primary button circle flickr tooltip\" title=\"Flickr\" aria-label=\"Flickr\" rel=\"noopener nofollow\" ><i class=\"icon-flickr\" ><\/i><\/a><\/div>\n\t<div id=\"gap-262781042\" class=\"gap-element clearfix\" style=\"display:block; height:auto;\">\n\t\t\n<style>\n#gap-262781042 {\n  padding-top: 30px;\n}\n<\/style>\n\t<\/div>\n\t\n<p><strong>OpenTX Companion runter laden:<\/strong><br \/>Download:\u00a0<a href=\"https:\/\/www.open-tx.org\/2018\/07\/28\/opentx-2.2.2\" target=\"_blank\" rel=\"noopener\">https:\/\/www.open-tx.org\/2018\/07\/28\/opentx-2.2.2<\/a><\/p>\n\t<div class=\"box has-hover   has-hover box-text-bottom\" >\n\n\t\t<div class=\"box-image\" >\n\t\t\t\t\t\t<div class=\"image-cover\" style=\"padding-top:50%;\">\n\t\t\t\t<img loading=\"lazy\" decoding=\"async\" width=\"819\" height=\"566\" src=\"https:\/\/micro-squad.com\/wp-content\/uploads\/2018\/12\/1-D8-Aktivierung-FrSky-EU-LBT-einstellungen.jpg\" class=\"attachment- size-\" alt=\"\" srcset=\"https:\/\/micro-squad.com\/wp-content\/uploads\/2018\/12\/1-D8-Aktivierung-FrSky-EU-LBT-einstellungen.jpg 819w, https:\/\/micro-squad.com\/wp-content\/uploads\/2018\/12\/1-D8-Aktivierung-FrSky-EU-LBT-einstellungen-579x400.jpg 579w, https:\/\/micro-squad.com\/wp-content\/uploads\/2018\/12\/1-D8-Aktivierung-FrSky-EU-LBT-einstellungen-768x531.jpg 768w, https:\/\/micro-squad.com\/wp-content\/uploads\/2018\/12\/1-D8-Aktivierung-FrSky-EU-LBT-einstellungen-500x346.jpg 500w, https:\/\/micro-squad.com\/wp-content\/uploads\/2018\/12\/1-D8-Aktivierung-FrSky-EU-LBT-einstellungen-700x484.jpg 700w\" sizes=\"auto, (max-width: 819px) 100vw, 819px\" \/>\t\t\t\t\t\t\t\t\t\t\t<\/div>\n\t\t\t\t\t<\/div>\n\n\t\t<div class=\"box-text text-center dark\" style=\"background-color:rgb(0, 0, 0);\">\n\t\t\t<div class=\"box-text-inner\">\n\t\t\t\t\n<p>Im OpenTX Companion bei &#8222;Einstellungen&#8220; deine Fernsteuerung ausw\u00e4hlen, H\u00e4ckchen bei &#8222;EU&#8220; raus (keine Sorge es bleibt eine EU-LBT!) und bei &#8222;Download&#8220; die aktuelle Firmware herunterladen.<\/p>\n\t\t\t<\/div>\n\t\t<\/div>\n\t<\/div>\n\t\n\t<div class=\"box has-hover   has-hover box-text-bottom\" >\n\n\t\t<div class=\"box-image\" >\n\t\t\t\t\t\t<div class=\"image-cover\" style=\"padding-top:50%;\">\n\t\t\t\t<img loading=\"lazy\" decoding=\"async\" width=\"1707\" height=\"983\" src=\"https:\/\/micro-squad.com\/wp-content\/uploads\/2018\/12\/2-D8-Aktivierung-FrSky-EU-LBT-download.jpg\" class=\"attachment- size-\" alt=\"\" srcset=\"https:\/\/micro-squad.com\/wp-content\/uploads\/2018\/12\/2-D8-Aktivierung-FrSky-EU-LBT-download.jpg 1707w, https:\/\/micro-squad.com\/wp-content\/uploads\/2018\/12\/2-D8-Aktivierung-FrSky-EU-LBT-download-695x400.jpg 695w, https:\/\/micro-squad.com\/wp-content\/uploads\/2018\/12\/2-D8-Aktivierung-FrSky-EU-LBT-download-768x442.jpg 768w, https:\/\/micro-squad.com\/wp-content\/uploads\/2018\/12\/2-D8-Aktivierung-FrSky-EU-LBT-download-1389x800.jpg 1389w, https:\/\/micro-squad.com\/wp-content\/uploads\/2018\/12\/2-D8-Aktivierung-FrSky-EU-LBT-download-500x288.jpg 500w, https:\/\/micro-squad.com\/wp-content\/uploads\/2018\/12\/2-D8-Aktivierung-FrSky-EU-LBT-download-700x403.jpg 700w\" sizes=\"auto, (max-width: 1707px) 100vw, 1707px\" \/>\t\t\t\t\t\t\t\t\t\t\t<\/div>\n\t\t\t\t\t<\/div>\n\n\t\t<div class=\"box-text text-center dark\" style=\"background-color:rgb(0, 0, 0);\">\n\t\t\t<div class=\"box-text-inner\">\n\t\t\t\t\n<p>Die Fernsteuerung mit USB und PC verbinden.<br \/><strong>ACHTUNG WICHTIG!<\/strong> <span style=\"color: #f99b1c;\">Die Fernsteuerung auslassen und NICHT im Boot modus lassen! Einfach ausgeschalten lassen!<\/span><\/p>\n\t\t\t<\/div>\n\t\t<\/div>\n\t<\/div>\n\t\n\t<div class=\"box has-hover   has-hover box-text-bottom\" >\n\n\t\t<div class=\"box-image\" >\n\t\t\t\t\t\t<div class=\"image-cover\" style=\"padding-top:50%;\">\n\t\t\t\t<img loading=\"lazy\" decoding=\"async\" width=\"1708\" height=\"983\" src=\"https:\/\/micro-squad.com\/wp-content\/uploads\/2018\/12\/3-D8-Aktivierung-FrSky-EU-LBT-flash.jpg\" class=\"attachment- size-\" alt=\"\" srcset=\"https:\/\/micro-squad.com\/wp-content\/uploads\/2018\/12\/3-D8-Aktivierung-FrSky-EU-LBT-flash.jpg 1708w, https:\/\/micro-squad.com\/wp-content\/uploads\/2018\/12\/3-D8-Aktivierung-FrSky-EU-LBT-flash-695x400.jpg 695w, https:\/\/micro-squad.com\/wp-content\/uploads\/2018\/12\/3-D8-Aktivierung-FrSky-EU-LBT-flash-768x442.jpg 768w, https:\/\/micro-squad.com\/wp-content\/uploads\/2018\/12\/3-D8-Aktivierung-FrSky-EU-LBT-flash-1390x800.jpg 1390w, https:\/\/micro-squad.com\/wp-content\/uploads\/2018\/12\/3-D8-Aktivierung-FrSky-EU-LBT-flash-500x288.jpg 500w, https:\/\/micro-squad.com\/wp-content\/uploads\/2018\/12\/3-D8-Aktivierung-FrSky-EU-LBT-flash-700x403.jpg 700w\" sizes=\"auto, (max-width: 1708px) 100vw, 1708px\" \/>\t\t\t\t\t\t\t\t\t\t\t<\/div>\n\t\t\t\t\t<\/div>\n\n\t\t<div class=\"box-text text-center dark\" style=\"background-color:rgb(0, 0, 0);\">\n\t\t\t<div class=\"box-text-inner\">\n\t\t\t\t\n<p>1. Sicher stellen das bei &#8222;Einstellungen&#8220; das H\u00e4kchen bei &#8222;EU&#8220; raus ist und im ausgeschalteten Zustand &#8222;Schreibe Firmware in den Sender&#8220; (flashen).<br \/>2. Dort das H\u00e4ckchen bei &#8222;Pr\u00fcfe die Hardware Kompatibilit\u00e4t&#8220; raus.<br \/>3. Dann runter geladene Firmware ausw\u00e4hlen und &#8222;Schreibe in den Sender&#8220; (flashen).<\/p>\n\t\t\t<\/div>\n\t\t<\/div>\n\t<\/div>\n\t\n\t<div class=\"box has-hover   has-hover box-text-bottom\" >\n\n\t\t<div class=\"box-image\" >\n\t\t\t\t\t\t<div class=\"image-cover\" style=\"padding-top:50%;\">\n\t\t\t\t<img loading=\"lazy\" decoding=\"async\" width=\"1200\" height=\"900\" src=\"https:\/\/micro-squad.com\/wp-content\/uploads\/2018\/12\/D8-Aktivierung-FrSky-EU-LBT.jpg\" class=\"attachment- size-\" alt=\"\" srcset=\"https:\/\/micro-squad.com\/wp-content\/uploads\/2018\/12\/D8-Aktivierung-FrSky-EU-LBT.jpg 1200w, https:\/\/micro-squad.com\/wp-content\/uploads\/2018\/12\/D8-Aktivierung-FrSky-EU-LBT-533x400.jpg 533w, https:\/\/micro-squad.com\/wp-content\/uploads\/2018\/12\/D8-Aktivierung-FrSky-EU-LBT-768x576.jpg 768w, https:\/\/micro-squad.com\/wp-content\/uploads\/2018\/12\/D8-Aktivierung-FrSky-EU-LBT-1067x800.jpg 1067w, https:\/\/micro-squad.com\/wp-content\/uploads\/2018\/12\/D8-Aktivierung-FrSky-EU-LBT-500x375.jpg 500w, https:\/\/micro-squad.com\/wp-content\/uploads\/2018\/12\/D8-Aktivierung-FrSky-EU-LBT-700x525.jpg 700w\" sizes=\"auto, (max-width: 1200px) 100vw, 1200px\" \/>\t\t\t\t\t\t\t\t\t\t\t<\/div>\n\t\t\t\t\t<\/div>\n\n\t\t<div class=\"box-text text-center dark\" style=\"background-color:rgb(0, 0, 0);\">\n\t\t\t<div class=\"box-text-inner\">\n\t\t\t\t\n<p>Jetzt kannst du deinen Sender \u00fcberpr\u00fcfen und es sollte D8 als Auswahl bereit stehen \ud83d\ude42<\/p>\n\t\t\t<\/div>\n\t\t<\/div>\n\t<\/div>\n\t\n\t<div id=\"gap-875926519\" class=\"gap-element clearfix\" style=\"display:block; height:auto;\">\n\t\t\n<style>\n#gap-875926519 {\n  padding-top: 30px;\n}\n<\/style>\n\t<\/div>\n\t\n<div class=\"social-icons follow-icons full-width text-center\" ><a href=\"https:\/\/www.facebook.com\/microsquadFPV\/\" target=\"_blank\" data-label=\"Facebook\" class=\"icon primary button circle facebook tooltip\" title=\"Follow on Facebook\" aria-label=\"Follow on Facebook\" rel=\"noopener nofollow\" ><i class=\"icon-facebook\" ><\/i><\/a><a href=\"https:\/\/www.instagram.com\/microsquad_fpv\/\" target=\"_blank\" data-label=\"Instagram\" class=\"icon primary button circle instagram tooltip\" title=\"Follow on Instagram\" aria-label=\"Follow on Instagram\" rel=\"noopener nofollow\" ><i class=\"icon-instagram\" ><\/i><\/a><a href=\"https:\/\/twitter.com\/MicrosquadF\" data-label=\"Twitter\" target=\"_blank\" class=\"icon primary button circle twitter tooltip\" title=\"Follow on Twitter\" aria-label=\"Follow on Twitter\" rel=\"noopener nofollow\" ><i class=\"icon-twitter\" ><\/i><\/a><a href=\"mailto:microsquad.sales@gmail.com\" data-label=\"E-mail\" target=\"_blank\" class=\"icon primary button circle email tooltip\" title=\"Send us an email\" aria-label=\"Send us an email\" rel=\"nofollow noopener\" ><i class=\"icon-envelop\" ><\/i><\/a><a href=\"https:\/\/www.pinterest.de\/Microsquad_FPV\/\" data-label=\"Pinterest\" target=\"_blank\" class=\"icon primary button circle pinterest tooltip\" title=\"Follow on Pinterest\" aria-label=\"Follow on Pinterest\" rel=\"noopener nofollow\" ><i class=\"icon-pinterest\" ><\/i><\/a><a href=\"https:\/\/www.youtube.com\/channel\/UCeuT1YzdlPxoYnWYTjeRCMQ\" data-label=\"YouTube\" target=\"_blank\" class=\"icon primary button circle youtube tooltip\" title=\"Follow on YouTube\" aria-label=\"Follow on YouTube\" rel=\"noopener nofollow\" ><i class=\"icon-youtube\" ><\/i><\/a><a href=\"http:\/\/www.flickr.com\/photos\/microsquadfpv\/\" data-label=\"Flickr\" target=\"_blank\" class=\"icon primary button circle flickr tooltip\" title=\"Flickr\" aria-label=\"Flickr\" rel=\"noopener nofollow\" ><i class=\"icon-flickr\" ><\/i><\/a><\/div>","protected":false},"excerpt":{"rendered":"<p>Pr\u00fcfe zuerst ob deine Taranis bereits die M\u00f6glichkeit hat D8 auszuw\u00e4hlen. Wenn dies so ist dann kannst du diese Anleitung \u00fcberspringen. Wenn nicht gehe bitte wie folgt vor (somit aktivierst du D8 OHNE deine Taranis zu Non-EU zu flashen und deine EU LBT Empf\u00e4nger binden weiterhin). Bitte ganz genau befolgen! OpenTX Companion runter laden:Download:\u00a0https:\/\/www.open-tx.org\/2018\/07\/28\/opentx-2.2.2<\/p>","protected":false},"author":1,"featured_media":0,"parent":0,"menu_order":0,"comment_status":"closed","ping_status":"closed","template":"","meta":{"footnotes":""},"class_list":["post-4817","page","type-page","status-publish","hentry"],"aioseo_notices":[],"_links":{"self":[{"href":"https:\/\/micro-squad.com\/en\/wp-json\/wp\/v2\/pages\/4817","targetHints":{"allow":["GET"]}}],"collection":[{"href":"https:\/\/micro-squad.com\/en\/wp-json\/wp\/v2\/pages"}],"about":[{"href":"https:\/\/micro-squad.com\/en\/wp-json\/wp\/v2\/types\/page"}],"author":[{"embeddable":true,"href":"https:\/\/micro-squad.com\/en\/wp-json\/wp\/v2\/users\/1"}],"replies":[{"embeddable":true,"href":"https:\/\/micro-squad.com\/en\/wp-json\/wp\/v2\/comments?post=4817"}],"version-history":[{"count":0,"href":"https:\/\/micro-squad.com\/en\/wp-json\/wp\/v2\/pages\/4817\/revisions"}],"wp:attachment":[{"href":"https:\/\/micro-squad.com\/en\/wp-json\/wp\/v2\/media?parent=4817"}],"curies":[{"name":"wp","href":"https:\/\/api.w.org\/{rel}","templated":true}]}}