{"id":1387,"date":"2018-09-26T18:35:03","date_gmt":"2018-09-26T16:35:03","guid":{"rendered":"http:\/\/micro-squad.com\/?page_id=1387"},"modified":"2023-08-11T13:40:43","modified_gmt":"2023-08-11T11:40:43","slug":"versand-und-zahlung","status":"publish","type":"page","link":"https:\/\/micro-squad.com\/en\/versand-und-zahlung\/","title":{"rendered":"Versand und Zahlung"},"content":{"rendered":"<section class=\"section\" id=\"section_893303227\">\n\t\t<div class=\"section-bg fill\" >\n\t\t\t\t\t\t\t\t\t\n\t\t\t\n\n\t\t<\/div>\n\n\t\t\n\n\t\t<div class=\"section-content relative\">\n\t\t\t\n<div class=\"row align-center\"  id=\"row-80439515\">\n\n\t<div id=\"col-466814600\" class=\"col medium-4 small-10 large-4\"  >\n\t\t\t\t<div class=\"col-inner\"  >\n\t\t\t\n\t\t\t\n\n<h1><span style=\"font-size: 150%;\">Shipping and Payment<\/span><\/h1>\n\n\n\t\t<\/div>\n\t\t\t\t\n<style>\n#col-466814600 > .col-inner {\n  padding: 0px 40px 0px 0px;\n}\n<\/style>\n\t<\/div>\n\n\t\n\n\t<div id=\"col-2027609921\" class=\"col medium-8 small-10 large-8\"  >\n\t\t\t\t<div class=\"col-inner\"  >\n\t\t\t\n\t\t\t\n\n<h2>Versandkosten<\/h2>\n<p>Alle unsere Produkte werden aus Deutschland versendet \u2013 schnell und zuverl\u00e4ssig!<\/p>\n<table>\n<tbody>\n<tr>\n<td width=\"70%\"><strong>Deutschland<\/strong><\/td>\n<td><strong>Bestellwert<\/strong><\/td>\n<td><strong>Versandkosten<\/strong><\/td>\n<\/tr>\n<tr>\n<td>Mindestbestellwert<\/td>\n<td>\u20ac 0.00<\/td>\n<td>\u20ac 4.90<\/td>\n<\/tr>\n<tr>\n<td>ab Bestellwert<\/td>\n<td>\u20ac 179.00<\/td>\n<td>kostenlos<\/td>\n<\/tr>\n<tr>\n<td style=\"vertical-align: top;\"><strong>International Zone 1*<\/strong><br \/>Belgien, D\u00e4nemark, Frankreich, Liechtenstein, Luxemburg, Niederlande, \u00d6sterreich, Polen, Schweiz, Tschechische Republik,Gro\u00dfbritannien, Italien, Schweden, Slowakei, Slowenien, Spanien, Ungarn,Albanien, Bosnien-Herzeg., Finnland, Bulgarien, Griechenland, Irland, Island, Kroatien, Lettland, Litauen, Malta, Mazedonien, Montenegro, Norwegen, Portugal, Rum\u00e4nien, Serbien, Ukraine, Wei\u00dfrussland, Estland<\/td>\n<td style=\"vertical-align: top;\">\u00a0<\/td>\n<td style=\"vertical-align: top;\">\u00a0<\/td>\n<\/tr>\n<tr>\n<td style=\"vertical-align: top;\"><span style=\"font-weight: normal;\">Mindestbestellwert<\/span><\/td>\n<td style=\"vertical-align: top;\">\u20ac 0.00<\/td>\n<td style=\"vertical-align: top;\">\u20ac 12.90<\/td>\n<\/tr>\n<\/tbody>\n<\/table>\n<table>\n<tbody>\n<tr>\n<td>* Bei Internationaler Lieferung sind folgende Zahlungsarten m\u00f6glich: Sofort\u00fcberweisung, Paypal und \u00dcberweisung.<\/p>\n<p>Bei Lieferungen in das Nicht-EU Ausland fallen zus\u00e4tzliche Z\u00f6lle und Geb\u00fchren an. Weitere Informationen finden Sie beispielsweise unter <a href=\"http:\/\/ec.europa.eu\/taxation_customs\/dds\/cgi-bin\/tarchap?Lang=DE\" target=\"_blank\" rel=\"nofollow noopener noreferrer\">http:\/\/ec.europa.eu\/taxation_customs\/dds\/cgi-bin\/tarchap?Lang=DE<\/a> und zur Einfuhrumsatzsteuer unter <a href=\"http:\/\/auskunft.ezt-online.de\/ezto\/Welcome.do\" target=\"_blank\" rel=\"nofollow noopener noreferrer\">http:\/\/auskunft.ezt-online.de\/ezto\/Welcome.do<\/a> sowie speziell f\u00fcr die Schweiz unter <a href=\"http:\/\/xtares.admin.ch\/tares\/login\/loginFormFiller.do\" target=\"_blank\" rel=\"nofollow noopener noreferrer\">http:\/\/xtares.admin.ch\/tares\/login\/loginFormFiller.do<\/a>.<\/p>\n<\/td>\n<\/tr>\n<\/tbody>\n<\/table>\n<h2>Zahlungsarten<\/h2>\n<p>Zahlen Sie bei uns bequem und einfach<\/p>\n<p>Um die Abwicklung der Zahlung so einfach wie m\u00f6glich zu gestalten, bieten wir Ihnen eine Vielzahl von Zahlungsarten an.<\/p>\n<p><strong>klarna \/ Sofort\u00fcberweisung<\/strong><\/p>\n<div style=\"float: left;\"><img loading=\"lazy\" decoding=\"async\" title=\"Sofort\u00fcberweisung\" src=\"https:\/\/upload.wikimedia.org\/wikipedia\/commons\/thumb\/f\/fb\/Sofort%C3%BCberweisung_Logo.svg\/800px-Sofort%C3%BCberweisung_Logo.svg.png\" alt=\"Sofort\u00fcberweisung\" width=\"100\" height=\"38\" border=\"0\" \/><\/div>\n<div style=\"float: left; margin-left: 40px; width: 75%;\">Mit klarna \/ Sofort\u00fcberweisung kann sofort ohne Registrierung bequem, einfach und sicher mit dem Online-Banking Konto bezahlt werden. Es werden daf\u00fcr die Zugangsdaten zum Online-Banking der eigenen Bank (PIN\/TAN) ben\u00f6tigt.<\/div>\n<p><strong>PayPal &amp; PayPal Express<\/strong><br \/>Selbstverst\u00e4ndlich ist bei uns auch eine Bestellung per PayPal m\u00f6glich.<\/p>\n<p><strong>Vorkasse \/ \u00dcberweisung vorab<\/strong><\/p>\n<p>Selbstverst\u00e4ndlich ist bei uns auch Vorauskasse m\u00f6glich. Unsere Bankverbindung erhalten Sie per E-Mail nach der Bestellung.<br \/>Bitte als Betreff Ihren Namen angeben.\u00a0 Nicht f\u00fcr schnelle Lieferungen zu empfehlen.<\/p>\n<p>Es gelten folgende Bedingungen:<\/p>\n<p><strong>Versandbedingungen<\/strong><\/p>\n<p>Die Lieferung der Ware erfolgt weltweit.<\/p>\n<p><strong>Versandkosten<\/strong>\u00a0(inklusive gesetzliche Mehrwertsteuer)<\/p>\n<p><strong>Lieferungen im Inland (Deutschland):\u00a0<\/strong><\/p>\n<p>Wir berechnen die Versandkosten pauschal mit 4,90 \u20ac pro Bestellung.<\/p>\n<p><strong>Lieferungen ins Ausland:<\/strong><\/p>\n<p>Wir berechnen die Versandkosten ins Ausland nach dem Bestellwert (Bruttowarenwert):<\/p>\n<p><strong>Lieferung von Download-Produkten:<\/strong><\/p>\n<p>F\u00fcr Download-Produkte (digitale Inhalte, die nicht auf einem k\u00f6rperlichen Datentr\u00e4ger geliefert werden) fallen keine Versandkosten an.<\/p>\n<p>Download-Produkte werden Ihnen als Datei per E-Mail innerhalb von\u00a024\u00a0Stunden nach Vertragsschluss (bei vereinbarter Vorauszahlung nach dem Zeitpunkt Ihrer Zahlungsanweisung) \u00fcbersandt.<\/p>\n<p>Download-Produkte k\u00f6nnen Sie \u00fcber einen per E-Mail mitgeteilten Link herunterladen.<br \/>Die Versendung dieser E-Mail mit Zugangsdaten zur Ausf\u00fchrung des Downloads erfolgt innerhalb von\u00a024\u00a0Stunden nach Vertragsschluss (bei vereinbarter Vorauszahlung nach dem Zeitpunkt Ihrer Zahlungsanweisung).<\/p>\n<p>Download-Produkte k\u00f6nnen Sie in Ihrem Kundenaccount herunterladen.<br \/>Die Bereitstellung zum Download erfolgt innerhalb von\u00a024\u00a0Stunden nach Vertragsschluss (bei vereinbarter Vorauszahlung nach dem Zeitpunkt Ihrer Zahlungsanweisung).<br \/>\u00dcber die Bereitstellung werden Sie auch per E-Mail informiert.<\/p>\n<p><strong>Lieferfristen<\/strong><\/p>\n<p>Soweit im jeweiligen Angebot keine andere Frist angegeben ist, erfolgt die Lieferung der Ware im Inland (Deutschland) innerhalb von 1 &#8211; 3 Tagen, bei Auslandslieferungen innerhalb von 5 &#8211; 10 Tagen nach Vertragsschluss (bei vereinbarter Vorauszahlung nach dem Zeitpunkt Ihrer Zahlungsanweisung).<br \/>Beachten Sie, dass an Sonn- und Feiertagen keine Zustellung erfolgt.<br \/>Haben Sie Artikel mit unterschiedlichen Lieferzeiten bestellt, versenden wir die Ware in einer gemeinsamen Sendung, sofern wir keine abweichenden Vereinbarungen mit Ihnen getroffen haben.\u00a0Die Lieferzeit bestimmt sich in diesem Fall nach dem Artikel mit der l\u00e4ngsten Lieferzeit den Sie bestellt haben.<\/p>\n<p>Bei Selbstabholung informieren wir Sie per E-Mail \u00fcber die Bereitstellung der Ware und die Abholm\u00f6glichkeiten. In diesem Fall werden keine Versandkosten berechnet.<\/p>\n<p><strong>Zahlungsbedingungen<\/strong><\/p>\n<p><strong>Bei Lieferungen im Inland (Deutschland) haben Sie folgende Zahlungsm\u00f6glichkeiten:<\/strong><\/p>\n<p><strong>&#8211;\u00a0\u00a0<\/strong>Barzahlung bei Abholung<br \/><strong>&#8211;\u00a0\u00a0<\/strong>Vorkasse per \u00dcberweisung<br \/><strong>&#8211;\u00a0\u00a0<\/strong>Zahlung per Kreditkarte<br \/><strong>&#8211;<\/strong>\u00a0 Zahlung per PayPal<br \/>&#8211;\u00a0 Zahlung per PayPal Express<br \/><strong>&#8211;<\/strong><strong>\u00a0\u00a0<\/strong>Zahlung per Sofort\u00fcberweisung<\/p>\n<p><strong>Bei Lieferungen ins Ausland haben Sie folgende Zahlungsm\u00f6glichkeiten:<\/strong><\/p>\n<p><strong>&#8211;\u00a0\u00a0<\/strong>Barzahlung bei Abholung<br \/><strong>&#8211;<\/strong><strong>\u00a0\u00a0<\/strong>Vorkasse per \u00dcberweisung<br \/><strong>&#8211;\u00a0<\/strong>\u00a0Zahlung per Kreditkarte<br \/><strong>&#8211;<\/strong>\u00a0 Zahlung per PayPal<br \/>&#8211;\u00a0 Zahlung per PayPal Express<br \/><strong>&#8211;\u00a0\u00a0<\/strong>Zahlung per Sofort\u00fcberweisung<\/p>\n<p><strong>Weitere Einzelheiten zur Zahlung<\/strong><\/p>\n<p>Bei Zahlung per Kreditkarte erfolgt die Belastung Ihres Kreditkartenkontos mit Vertragsschluss.<\/p>\n<p>Bei Fragen finden Sie unsere Kontaktdaten im Impressum.<\/p>\n<p><em>Alle angegebenen Preise sind Endpreise. Gem\u00e4\u00df \u00a7 19 UStG wird keine Umsatzsteuer erhoben und folglich nicht ausgewiesen.<\/em><\/p>\n\n\n\t\t<\/div>\n\t\t\t\t\t<\/div>\n\n\t\n<\/div>\n\t\t<\/div>\n\n\t\t\n<style>\n#section_893303227 {\n  padding-top: 20px;\n  padding-bottom: 20px;\n}\n<\/style>\n\t<\/section>","protected":false},"excerpt":{"rendered":"","protected":false},"author":1,"featured_media":0,"parent":0,"menu_order":0,"comment_status":"closed","ping_status":"closed","template":"","meta":{"footnotes":""},"class_list":["post-1387","page","type-page","status-publish","hentry"],"aioseo_notices":[],"_links":{"self":[{"href":"https:\/\/micro-squad.com\/en\/wp-json\/wp\/v2\/pages\/1387","targetHints":{"allow":["GET"]}}],"collection":[{"href":"https:\/\/micro-squad.com\/en\/wp-json\/wp\/v2\/pages"}],"about":[{"href":"https:\/\/micro-squad.com\/en\/wp-json\/wp\/v2\/types\/page"}],"author":[{"embeddable":true,"href":"https:\/\/micro-squad.com\/en\/wp-json\/wp\/v2\/users\/1"}],"replies":[{"embeddable":true,"href":"https:\/\/micro-squad.com\/en\/wp-json\/wp\/v2\/comments?post=1387"}],"version-history":[{"count":0,"href":"https:\/\/micro-squad.com\/en\/wp-json\/wp\/v2\/pages\/1387\/revisions"}],"wp:attachment":[{"href":"https:\/\/micro-squad.com\/en\/wp-json\/wp\/v2\/media?parent=1387"}],"curies":[{"name":"wp","href":"https:\/\/api.w.org\/{rel}","templated":true}]}}